{"id":21097,"date":"2024-03-27T11:27:03","date_gmt":"2024-03-27T11:27:03","guid":{"rendered":"https:\/\/smartgrader.com\/werken-bij\/"},"modified":"2024-06-28T11:58:28","modified_gmt":"2024-06-28T11:58:28","slug":"carrieres","status":"publish","type":"page","link":"https:\/\/smartgrader.com\/fr\/carrieres\/","title":{"rendered":"Carri\u00e8res"},"content":{"rendered":"\n\n\t<p>Nous n&rsquo;avons actuellement aucun poste \u00e0 pourvoir, mais nous accueillons les personnes talentueuses qui souhaitent se joindre \u00e0 notre \u00e9quipe. Envoyez votre CV et votre lettre de motivation \u00e0 info@smartgrader.com avec pour objet \u00ab\u00a0Candidature spontan\u00e9e\u00a0\u00bb. Qui sait, peut-\u00eatre pourrons-nous travailler ensemble \u00e0 l&rsquo;avenir !<\/p>\n\t\t\t<a href=\"https:\/\/smartgrader.com\/fr\/contact\/\" target=\"_self\" rel=\"noopener\">\n\t\t\t\t\t\t\tContactez-nous maintenant \n\t\t\t\t\t<\/a>\n<h3>\n\t\tQui sommes-nous ?\n\t<\/h3>\n\t<p>GeJo Grading Services est un pionnier et un sp\u00e9cialiste dans le domaine du tri optique. En 2018, GeJo Grading Services a repris le d\u00e9veloppement et la production du Smart Grader pour les pommes de terre. Le r\u00e9sultat\u00a0: un produit innovatif, le Smart Grader READER compact, qui analyse des \u00e9chantillons de 10 kg en seulement 20 secondes.<\/p>\n\n","protected":false},"excerpt":{"rendered":"<p>Nous n&rsquo;avons actuellement aucun poste \u00e0 pourvoir, mais nous accueillons les personnes talentueuses qui souhaitent se joindre \u00e0 notre \u00e9quipe. Envoyez votre CV et votre lettre de motivation \u00e0 info@smartgrader.com avec pour objet \u00ab\u00a0Candidature spontan\u00e9e\u00a0\u00bb. Qui sait, peut-\u00eatre pourrons-nous travailler ensemble \u00e0 l&rsquo;avenir ! Contactez-nous maintenant Qui sommes-nous ? GeJo Grading Services est un pionnier&hellip;<\/p>\n","protected":false},"author":1,"featured_media":0,"parent":0,"menu_order":0,"comment_status":"closed","ping_status":"closed","template":"","meta":{"_acf_changed":false,"footnotes":""},"class_list":["post-21097","page","type-page","status-publish","hentry"],"acf":[],"_links":{"self":[{"href":"https:\/\/smartgrader.com\/fr\/wp-json\/wp\/v2\/pages\/21097","targetHints":{"allow":["GET"]}}],"collection":[{"href":"https:\/\/smartgrader.com\/fr\/wp-json\/wp\/v2\/pages"}],"about":[{"href":"https:\/\/smartgrader.com\/fr\/wp-json\/wp\/v2\/types\/page"}],"author":[{"embeddable":true,"href":"https:\/\/smartgrader.com\/fr\/wp-json\/wp\/v2\/users\/1"}],"replies":[{"embeddable":true,"href":"https:\/\/smartgrader.com\/fr\/wp-json\/wp\/v2\/comments?post=21097"}],"version-history":[{"count":5,"href":"https:\/\/smartgrader.com\/fr\/wp-json\/wp\/v2\/pages\/21097\/revisions"}],"predecessor-version":[{"id":21479,"href":"https:\/\/smartgrader.com\/fr\/wp-json\/wp\/v2\/pages\/21097\/revisions\/21479"}],"wp:attachment":[{"href":"https:\/\/smartgrader.com\/fr\/wp-json\/wp\/v2\/media?parent=21097"}],"curies":[{"name":"wp","href":"https:\/\/api.w.org\/{rel}","templated":true}]}}