{"id":21088,"date":"2024-01-22T10:02:06","date_gmt":"2024-01-22T10:02:06","guid":{"rendered":"https:\/\/smartgrader.com\/privacy-policy\/"},"modified":"2024-05-06T08:01:40","modified_gmt":"2024-05-06T08:01:40","slug":"privacy-policy","status":"publish","type":"page","link":"https:\/\/smartgrader.com\/fr\/privacy-policy\/","title":{"rendered":"Politique de confidentialit\u00e9"},"content":{"rendered":"\n<p><strong>Formulaire de contact<\/strong><\/p>\n\n\n\n<p>Le formulaire de contact te permet de nous poser des questions ou de demander \u00e0 \u00eatre contact\u00e9. Nous utilisons ton adresse \u00e9lectronique \u00e0 cette fin.<\/p>\n\n\n\n<p><strong>Communication \u00e0 d&rsquo;autres entreprises ou institutions<\/strong><\/p>\n\n\n\n<p>Nous ne communiquons en aucun cas tes donn\u00e9es personnelles \u00e0 d&rsquo;autres entreprises ou institutions.<\/p>\n\n\n\n<p><strong>Cookies<\/strong><\/p>\n\n\n\n<p>Notre site web utilise des cookies. Il s&rsquo;agit de petits fichiers dans lesquels nous pouvons stocker des informations afin que tu n&rsquo;aies pas \u00e0 les remplir \u00e0 chaque fois. Ils nous permettent \u00e9galement de savoir quand tu reviens nous voir.<br>Lorsque tu visites notre site Internet pour la premi\u00e8re fois, nous affichons un message expliquant les cookies. Ici, nous te demanderons ton consentement pour l&rsquo;utilisation de ces cookies.<br>Tu peux d\u00e9sactiver les cookies via ton navigateur, mais certaines choses sur notre site web ne fonctionneront alors plus correctement.<\/p>\n\n\n\n<p><strong>Analyse Google<\/strong><\/p>\n\n\n\n<p>Nous utilisons Google Analytics pour suivre la fa\u00e7on dont les visiteurs utilisent notre site web. Nous avons conclu un accord de traitement avec Google. Celui-ci contient des accords stricts sur ce qu&rsquo;ils sont autoris\u00e9s \u00e0 suivre. Nous n&rsquo;avons pas autoris\u00e9 Google \u00e0 utiliser les informations obtenues par Analytics pour d&rsquo;autres services Google. Nous avons demand\u00e9 \u00e0 Google d&rsquo;anonymiser toutes les adresses IP.<\/p>\n\n\n\n<p><strong>S\u00e9curit\u00e9<\/strong><\/p>\n\n\n\n<p>La s\u00e9curit\u00e9 des donn\u00e9es personnelles est tr\u00e8s importante pour nous. Nous veillons \u00e0 ce que tes donn\u00e9es soient correctement s\u00e9curis\u00e9es chez nous. Nous mettons constamment \u00e0 jour la s\u00e9curit\u00e9 et sommes tr\u00e8s attentifs \u00e0 ce qui peut mal tourner.<\/p>\n\n\n\n<p><strong>Modifications de la pr\u00e9sente d\u00e9claration de confidentialit\u00e9<\/strong><\/p>\n\n\n\n<p>Lorsque notre site web change, nous pouvons \u00e9galement modifier la d\u00e9claration de confidentialit\u00e9. Note donc toujours la date ci-dessus et consulte r\u00e9guli\u00e8rement les nouvelles versions. Nous ferons de notre mieux pour indiquer clairement les changements et, si n\u00e9cessaire, les annoncer \u00e9galement s\u00e9par\u00e9ment.<\/p>\n\n\n\n<p><strong>Consultation, modification et suppression de tes donn\u00e9es<\/strong><\/p>\n\n\n\n<p>Si tu as des questions ou si tu veux savoir quelles donn\u00e9es personnelles nous d\u00e9tenons \u00e0 ton sujet, tu peux toujours nous contacter. Tu trouveras les coordonn\u00e9es de contact ci-dessous.<br>Tu as les droits suivants :<\/p>\n\n\n\n<ul class=\"wp-block-list\">\n<li>obtenir une explication sur les donn\u00e9es personnelles que nous d\u00e9tenons et sur ce que nous en faisons ;<\/li>\n<\/ul>\n\n\n\n<ul class=\"wp-block-list\">\n<li>obtenir l&rsquo;acc\u00e8s aux donn\u00e9es personnelles exactes que nous d\u00e9tenons ;<\/li>\n<\/ul>\n\n\n\n<ul class=\"wp-block-list\">\n<li>de faire corriger les erreurs ;<\/li>\n<\/ul>\n\n\n\n<ul class=\"wp-block-list\">\n<li>de faire supprimer les donn\u00e9es personnelles p\u00e9rim\u00e9es ;<\/li>\n<\/ul>\n\n\n\n<ul class=\"wp-block-list\">\n<li>retirer son consentement ;<\/li>\n<\/ul>\n\n\n\n<ul class=\"wp-block-list\">\n<li>s&rsquo;opposer \u00e0 une utilisation particuli\u00e8re. Veille \u00e0 toujours indiquer clairement qui tu es, afin que nous puissions \u00eatre s\u00fbrs de ne pas modifier ou supprimer des donn\u00e9es appartenant \u00e0 la mauvaise personne.<\/li>\n<\/ul>\n\n\n\n<p><strong>D\u00e9poser une plainte<\/strong><\/p>\n\n\n\n<p>Si tu penses que nous ne t&rsquo;aidons pas de la bonne mani\u00e8re, tu as le droit de d\u00e9poser une plainte aupr\u00e8s de l&rsquo;autorit\u00e9 de r\u00e9gulation, l&rsquo;Autorit\u00e9 des donn\u00e9es personnelles.<\/p>\n\n\n\n<p><strong>Coordonn\u00e9es de l&rsquo;autorit\u00e9<\/strong><\/p>\n\n\n\n<p>Lindeweg 24<br>8315 RD Luttelgeest<\/p>\n\n\n\n<p>Mobile +31(0)622301963<\/p>\n","protected":false},"excerpt":{"rendered":"<p>Formulaire de contact Le formulaire de contact te permet de nous poser des questions ou de demander \u00e0 \u00eatre contact\u00e9. Nous utilisons ton adresse \u00e9lectronique \u00e0 cette fin. Communication \u00e0 d&rsquo;autres entreprises ou institutions Nous ne communiquons en aucun cas tes donn\u00e9es personnelles \u00e0 d&rsquo;autres entreprises ou institutions. Cookies Notre site web utilise des cookies.&hellip;<\/p>\n","protected":false},"author":1,"featured_media":0,"parent":0,"menu_order":0,"comment_status":"closed","ping_status":"closed","template":"","meta":{"_acf_changed":false,"footnotes":""},"class_list":["post-21088","page","type-page","status-publish","hentry"],"acf":[],"_links":{"self":[{"href":"https:\/\/smartgrader.com\/fr\/wp-json\/wp\/v2\/pages\/21088","targetHints":{"allow":["GET"]}}],"collection":[{"href":"https:\/\/smartgrader.com\/fr\/wp-json\/wp\/v2\/pages"}],"about":[{"href":"https:\/\/smartgrader.com\/fr\/wp-json\/wp\/v2\/types\/page"}],"author":[{"embeddable":true,"href":"https:\/\/smartgrader.com\/fr\/wp-json\/wp\/v2\/users\/1"}],"replies":[{"embeddable":true,"href":"https:\/\/smartgrader.com\/fr\/wp-json\/wp\/v2\/comments?post=21088"}],"version-history":[{"count":2,"href":"https:\/\/smartgrader.com\/fr\/wp-json\/wp\/v2\/pages\/21088\/revisions"}],"predecessor-version":[{"id":21397,"href":"https:\/\/smartgrader.com\/fr\/wp-json\/wp\/v2\/pages\/21088\/revisions\/21397"}],"wp:attachment":[{"href":"https:\/\/smartgrader.com\/fr\/wp-json\/wp\/v2\/media?parent=21088"}],"curies":[{"name":"wp","href":"https:\/\/api.w.org\/{rel}","templated":true}]}}