{"id":21083,"date":"2024-02-08T09:00:05","date_gmt":"2024-02-08T09:00:05","guid":{"rendered":"https:\/\/smartgrader.com\/over-ons\/"},"modified":"2024-06-28T11:56:13","modified_gmt":"2024-06-28T11:56:13","slug":"qui-sommes-nous","status":"publish","type":"page","link":"https:\/\/smartgrader.com\/fr\/qui-sommes-nous\/","title":{"rendered":"qui sommes-nous ?"},"content":{"rendered":"\n<h2>\n\t\tSmart Grader | GeJo Grading Services\n\t<\/h2>\n<h1>\n\t\t\u00c0 propos de Gejo\n\t<\/h1>\n<h2>\n\t\tpionnier du tri optique\n\t<\/h2>\n\t<p>GeJo Grading Services est le cerveau technique et cr\u00e9atif derri\u00e8re Smart Grader. Sp\u00e9cialiste et pionnier en mati\u00e8re de tri optique.<\/p>\n<p>En raison d&rsquo;un manque de produits dans le secteur, l&rsquo;entreprise a commenc\u00e9 \u00e0 d\u00e9velopper \u00e0 sa propre initiative une trieuse optique pour les souches et les arbres fruitiers. Les \u00e9tudes et les phases de test remontent \u00e0 l&rsquo;an 2000. En 2018, GeJo Grading Services a repris le d\u00e9veloppement et la production du Smart Grader pour les pommes de terre. Le r\u00e9sultat\u00a0: un produit innovatif, le Smart Grader Reader compact, qui analyse des \u00e9chantillons de 10 kg en seulement 20 secondes.<\/p>\n\t\t\t<a href=\"https:\/\/smartgrader.com\/fr\/contact\/\" target=\"_self\" rel=\"noopener\">\n\t\t\t\t\t\t\tContactez-nous maintenant\n\t\t\t\t\t<\/a>\n\t\t\t\t<img loading=\"lazy\" decoding=\"async\" src=\"https:\/\/smartgrader.com\/wp-content\/uploads\/2024\/04\/Schermafbeelding-2024-04-18-112816.png\" alt=\"Sorteren\" itemprop=\"image\" height=\"1079\" width=\"1919\" title=\"Sorteren\" onerror=\"this.style.display='none'\"  \/>\n<h2>\n\t\tPOURQUOI GEJO ?\n\t<\/h2>\n\t<ul>\n<li>Des experts<\/li>\n<li>qui parlent la m\u00eame langue que le client<\/li>\n<li>Orient\u00e9 sur la pratique<\/li>\n<li>Orient\u00e9 sur les solutions<\/li>\n<li>Professionnel et expert<\/li>\n<li>Toujours innovant et moderne<\/li>\n<li>Un interlocuteur unique<\/li>\n<\/ul>\n\t\t\t\t<img loading=\"lazy\" decoding=\"async\" src=\"https:\/\/smartgrader.com\/wp-content\/uploads\/2024\/04\/231016055.jpg\" alt=\"231016055\" itemprop=\"image\" height=\"683\" width=\"1024\" title=\"231016055\" onerror=\"this.style.display='none'\"  \/>\n<h3>\n\t\tSalari\u00e9s\n\t<\/h3>\n\t<p>GeJo Grading Services poss\u00e8de une \u00e9quipe de jeunes employ\u00e9s motiv\u00e9s qui d\u00e9veloppent, construisent, testent, installent sur site nos Smart Graders et fournissent un service apr\u00e8s-vente.<\/p>\n<p>Chaque employ\u00e9 est un professionnel passionn\u00e9 par la technologie.<\/p>\n\t\t\t<a href=\"https:\/\/smartgrader.com\/fr\/contact\/\" target=\"_self\" rel=\"noopener\">\n\t\t\t\t\t\t\tContactez-nous maintenant\n\t\t\t\t\t<\/a>\n<h2>\n\t\tHISTOIRE\n\t<\/h2>\n\t<p>L&rsquo;histoire de GeJo Grading remonte \u00e0 l&rsquo;an 2000. Cette ann\u00e9e-l\u00e0, les premi\u00e8res recherches ont \u00e9t\u00e9 men\u00e9es et les machines ont \u00e9t\u00e9 construites. Apr\u00e8s des ann\u00e9es de recherche et de perfectionnement, GeJo Grading a \u00e9t\u00e9 officiellement fond\u00e9e en 2008 par Gerard Blok et Jos Broeders. N\u00e9e d&rsquo;un manque de produits dans le secteur ; une trieuse de souches. Avec les connaissances que Jos avait acquises gr\u00e2ce \u00e0 son investissement dans le d\u00e9veloppement de la Smart Grader, il a reconnu les opportunit\u00e9s pour appliquer cette technique au tri des souches. Et c&rsquo;est ce qui s&rsquo;est pass\u00e9 ; G\u00e9rard et Jos ont con\u00e7u une trieuse optique pour une grande vari\u00e9t\u00e9 de cultures.<\/p>\n\t\t\t\t<img loading=\"lazy\" decoding=\"async\" src=\"https:\/\/smartgrader.com\/wp-content\/uploads\/2024\/04\/180720676.jpg\" alt=\"GeJo\" itemprop=\"image\" height=\"683\" width=\"1024\" title=\"GeJo\" onerror=\"this.style.display='none'\"  \/>\n\n","protected":false},"excerpt":{"rendered":"<p>Smart Grader | GeJo Grading Services \u00c0 propos de Gejo pionnier du tri optique GeJo Grading Services est le cerveau technique et cr\u00e9atif derri\u00e8re Smart Grader. Sp\u00e9cialiste et pionnier en mati\u00e8re de tri optique. En raison d&rsquo;un manque de produits dans le secteur, l&rsquo;entreprise a commenc\u00e9 \u00e0 d\u00e9velopper \u00e0 sa propre initiative une trieuse optique&hellip;<\/p>\n","protected":false},"author":1,"featured_media":0,"parent":0,"menu_order":0,"comment_status":"closed","ping_status":"closed","template":"","meta":{"_acf_changed":false,"footnotes":""},"class_list":["post-21083","page","type-page","status-publish","hentry"],"acf":[],"_links":{"self":[{"href":"https:\/\/smartgrader.com\/fr\/wp-json\/wp\/v2\/pages\/21083","targetHints":{"allow":["GET"]}}],"collection":[{"href":"https:\/\/smartgrader.com\/fr\/wp-json\/wp\/v2\/pages"}],"about":[{"href":"https:\/\/smartgrader.com\/fr\/wp-json\/wp\/v2\/types\/page"}],"author":[{"embeddable":true,"href":"https:\/\/smartgrader.com\/fr\/wp-json\/wp\/v2\/users\/1"}],"replies":[{"embeddable":true,"href":"https:\/\/smartgrader.com\/fr\/wp-json\/wp\/v2\/comments?post=21083"}],"version-history":[{"count":7,"href":"https:\/\/smartgrader.com\/fr\/wp-json\/wp\/v2\/pages\/21083\/revisions"}],"predecessor-version":[{"id":21478,"href":"https:\/\/smartgrader.com\/fr\/wp-json\/wp\/v2\/pages\/21083\/revisions\/21478"}],"wp:attachment":[{"href":"https:\/\/smartgrader.com\/fr\/wp-json\/wp\/v2\/media?parent=21083"}],"curies":[{"name":"wp","href":"https:\/\/api.w.org\/{rel}","templated":true}]}}