{"id":21079,"date":"2024-02-08T09:00:24","date_gmt":"2024-02-08T09:00:24","guid":{"rendered":"https:\/\/smartgrader.com\/optisch-sorteren\/"},"modified":"2024-06-28T11:48:21","modified_gmt":"2024-06-28T11:48:21","slug":"tri-optique","status":"publish","type":"page","link":"https:\/\/smartgrader.com\/fr\/tri-optique\/","title":{"rendered":"Tri optique"},"content":{"rendered":"\n<h2>\n\t\tTRI OPTIQUE = CR\u00c9ER DE LA VALEUR AJOUT\u00c9E\n\t<\/h2>\n<h1>\n\t\tTRI OPTIQUE\n\t<\/h1>\n<h2>\n\t\tla m\u00e9thode la plus pr\u00e9cise\n\t<\/h2>\n\t<p>Vous souhaitez trier avec pr\u00e9cision de gros lots ? Choisissez une machine de tri optique. La machine trie les produits avec une grande pr\u00e9cision selon le diam\u00e8tre, la longueur, la forme et pour d\u00e9tecter les d\u00e9fauts visibles tels que les fissures, les bosses, la gale, les vers fil de ferre ou les dommages. En m\u00eame temps, une machine de tri optique peut \u00e9galement trier sans probl\u00e8me les pierres et les mottes d&rsquo;un lot.<\/p>\n\t\t\t<a href=\"https:\/\/smartgrader.com\/fr\/contact\/\" target=\"_self\" rel=\"noopener\">\n\t\t\t\t\t\t\tContactez-nous maintenant\n\t\t\t\t\t<\/a>\n\t\t\t\t<img loading=\"lazy\" decoding=\"async\" src=\"https:\/\/smartgrader.com\/wp-content\/uploads\/2024\/04\/thumbnail_image001.png\" alt=\"Kwaliteit sorteren\" itemprop=\"image\" height=\"867\" width=\"1480\" title=\"Kwaliteit sorteren\" onerror=\"this.style.display='none'\"  \/>\n\t\t\t\t<img loading=\"lazy\" decoding=\"async\" src=\"https:\/\/smartgrader.com\/wp-content\/uploads\/2024\/04\/231215376.jpg\" alt=\"smart grader EVO sorteren\" itemprop=\"image\" height=\"683\" width=\"1024\" title=\"smart grader EVO sorteren\" onerror=\"this.style.display='none'\"  \/>\n<h3>\n\t\tpourquoi trier ?\n\t<\/h3>\n\t<p>Un tri soigneux est important. Apr\u00e8s tout, des produits mieux tri\u00e9s g\u00e9n\u00e9reront un prix plus \u00e9lev\u00e9. Tout commence par le stockage. En retirant autant de pierres, de mottes et de tubercules endommag\u00e9s que possible du flux de produit, le produit est stock\u00e9 avec la meilleure qualit\u00e9 possible et la propagation des maladies est \u00e9vit\u00e9e.<\/p>\n<p>Le tri joue \u00e9galement un r\u00f4le crucial dans l&rsquo;abrasion. En effet, le client veut savoir clairement ce qu&rsquo;il re\u00e7oit. Un tri minutieux bas\u00e9 sur la qualit\u00e9 et le calibre peut g\u00e9n\u00e9rer un meilleur prix de vente et moins de pertes dues \u00e0 la tare.<\/p>\n\t\t\t<a href=\"https:\/\/smartgrader.com\/fr\/contact\/\" target=\"_self\" rel=\"noopener\">\n\t\t\t\t\t\t\tContactez-nous maintenant\n\t\t\t\t\t<\/a>\n<h2>\n\t\tAssistance et surveillance \u00e0 distance\n\t<\/h2>\n\t<p>Un trieur optique enregistre avec pr\u00e9cision votre processus de tri. La vue d&rsquo;ensemble des r\u00e9sultats du tri peut \u00eatre consult\u00e9e \u00e0 tout moment de la journ\u00e9e gr\u00e2ce \u00e0 la connexion Internet.<\/p>\n<strong>Assistance<\/strong><br \/>\nUtilisateur de Smart Grader ? Ensuite, nous pouvons regarder \u00e0 distance, conseiller et aider \u00e0 optimiser les r\u00e9glages. Nous proposons ainsi aux clients une assistance suppl\u00e9mentaire.\n\t\t\t\t<img loading=\"lazy\" decoding=\"async\" src=\"https:\/\/smartgrader.com\/wp-content\/uploads\/2024\/02\/smartgrader-optischsorteren-5.jpeg\" alt=\"smartgrader-optischsorteren-5\" itemprop=\"image\" height=\"1280\" width=\"1920\" title=\"smartgrader-optischsorteren-5\" onerror=\"this.style.display='none'\"  \/>\n\n","protected":false},"excerpt":{"rendered":"<p>TRI OPTIQUE = CR\u00c9ER DE LA VALEUR AJOUT\u00c9E TRI OPTIQUE la m\u00e9thode la plus pr\u00e9cise Vous souhaitez trier avec pr\u00e9cision de gros lots ? Choisissez une machine de tri optique. La machine trie les produits avec une grande pr\u00e9cision selon le diam\u00e8tre, la longueur, la forme et pour d\u00e9tecter les d\u00e9fauts visibles tels que les&hellip;<\/p>\n","protected":false},"author":1,"featured_media":0,"parent":0,"menu_order":0,"comment_status":"closed","ping_status":"closed","template":"","meta":{"_acf_changed":false,"footnotes":""},"class_list":["post-21079","page","type-page","status-publish","hentry"],"acf":[],"_links":{"self":[{"href":"https:\/\/smartgrader.com\/fr\/wp-json\/wp\/v2\/pages\/21079","targetHints":{"allow":["GET"]}}],"collection":[{"href":"https:\/\/smartgrader.com\/fr\/wp-json\/wp\/v2\/pages"}],"about":[{"href":"https:\/\/smartgrader.com\/fr\/wp-json\/wp\/v2\/types\/page"}],"author":[{"embeddable":true,"href":"https:\/\/smartgrader.com\/fr\/wp-json\/wp\/v2\/users\/1"}],"replies":[{"embeddable":true,"href":"https:\/\/smartgrader.com\/fr\/wp-json\/wp\/v2\/comments?post=21079"}],"version-history":[{"count":4,"href":"https:\/\/smartgrader.com\/fr\/wp-json\/wp\/v2\/pages\/21079\/revisions"}],"predecessor-version":[{"id":21477,"href":"https:\/\/smartgrader.com\/fr\/wp-json\/wp\/v2\/pages\/21079\/revisions\/21477"}],"wp:attachment":[{"href":"https:\/\/smartgrader.com\/fr\/wp-json\/wp\/v2\/media?parent=21079"}],"curies":[{"name":"wp","href":"https:\/\/api.w.org\/{rel}","templated":true}]}}