{"id":21075,"date":"2024-02-08T09:01:23","date_gmt":"2024-02-08T09:01:23","guid":{"rendered":"https:\/\/smartgrader.com\/oplossingen\/registreren\/"},"modified":"2024-10-24T12:58:01","modified_gmt":"2024-10-24T12:58:01","slug":"reader","status":"publish","type":"page","link":"https:\/\/smartgrader.com\/fr\/solutions\/reader\/","title":{"rendered":"Enregistrement"},"content":{"rendered":"\n<h2>\n\t\tEnregistrement pr\u00e9cis et extr\u00eamement rapide\n\t<\/h2>\n<h1>\n\t\tSmart Grader reader\n\t<\/h1>\n<h2>\n\t\tMesurer, c&rsquo;est savoir !\n\t<\/h2>\n\t<p>L&rsquo;\u00e9chantillonnage n&rsquo;a jamais \u00e9t\u00e9 aussi facile. Le Smart Grader Reader est notre dispositif d&rsquo;enregistrement pour un \u00e9chantillonnage facile et rapide des pommes de terre, des oignons et d&rsquo;autres produits.<\/p>\n<p>Le fonctionnement est simple. Vous videz une caisse d&rsquo;\u00e9chantillons dans la tr\u00e9mie. La cam\u00e9ra scanne les pommes de terre, puis mesure ensuite la hauteur, la longueur et la largeur. Sur la base de ces donn\u00e9es, le lecteur calcule la maille carr\u00e9e et le poids. Et cela en quelques secondes !<\/p>\n\t\t\t\t<img loading=\"lazy\" decoding=\"async\" src=\"https:\/\/smartgrader.com\/wp-content\/uploads\/2024\/02\/SG-Reader-230201072.jpg\" alt=\"SG-Reader-230201072\" itemprop=\"image\" height=\"683\" width=\"1024\" title=\"SG-Reader-230201072\" onerror=\"this.style.display='none'\"  \/>\n<h2>\n\t\tCOMPACT ET MOBILE\n\t<\/h2>\n\t<p>Le dispositif d&rsquo;enregistrement est si compact qu&rsquo;il est facile \u00e0 transporter et peut \u00eatre utilis\u00e9 n&rsquo;importe o\u00f9, m\u00eame sur le terrain pour analyser des \u00e9chantillons.<\/p>\n\t\t\t\t<img loading=\"lazy\" decoding=\"async\" src=\"https:\/\/smartgrader.com\/wp-content\/uploads\/2024\/02\/SG-Reader-230829022.jpg\" alt=\"SG-Reader-230829022\" itemprop=\"image\" height=\"683\" width=\"1024\" title=\"SG-Reader-230829022\" onerror=\"this.style.display='none'\"  \/>\n<h2>\n\t\tR\u00e9sultats de mesure imm\u00e9diatement visibles\n\t<\/h2>\n\t<p>Les r\u00e9sultats de mesure apparaissent directement sur l&rsquo;\u00e9cran du smartphone ou de l&rsquo;ordinateur portable et peuvent donc \u00eatre facilement enregistr\u00e9s ou partag\u00e9s.<\/p>\n\t\t\t<a href=\"https:\/\/smartgrader.com\/fr\/contact\/\" target=\"_self\" rel=\"noopener\">\n\t\t\t\t\t\t\tContactez-nous maintenant\n\t\t\t\t\t<\/a>\n<h2>\n\t\tUn lecteur adapt\u00e9 \u00e0 chaque situation\n\t<\/h2>\n\t<p>Le Smart Grader Reader est disponible en plusieurs versions. Il existe par exemple une version sur une paire de roues avec des balances \u00e9lectroniques, un mod\u00e8le avec une alimentation par courroies transporteuses et avec une mesure de poids sous l&rsquo;eau.<\/p>\n<p>Mais les possibilit\u00e9s sont encore plus larges. Renseignez-vous \u00e0 ce sujet ou t\u00e9l\u00e9chargez la liste des options figurant en bas de cette page.<\/p>\n\t\t\t\t<img loading=\"lazy\" decoding=\"async\" src=\"https:\/\/smartgrader.com\/wp-content\/uploads\/2024\/04\/Schermafdruk-2021-10-24-18.06.01-scaled.jpg\" alt=\"Aardappels registreren\" itemprop=\"image\" height=\"1440\" width=\"2560\" title=\"aardappel registreren\" onerror=\"this.style.display='none'\"  \/>\n<h2>\n\t\tLes faits en un clin d&rsquo;\u0153il\n\t<\/h2>\n\t<ul>\n<li>Utilisation facile sur smartphone, tablette ou ordinateur portable<\/li>\n<li>Disponible en diff\u00e9rentes versions<\/li>\n<li>Module de pes\u00e9e avec balance en option<\/li>\n<li>Options d&rsquo;enregistrement\n<ul>\n<li>Maille carr\u00e9e<\/li>\n<li>Longueur<\/li>\n<li>Poids calcul\u00e9<\/li>\n<li>Nombre<\/li>\n<li>Volume<\/li>\n<\/ul>\n<\/li>\n<li>\u00c9conomies de main-d&rsquo;\u0153uvre<\/li>\n<\/ul>\n\t\t\t\t<img loading=\"lazy\" decoding=\"async\" src=\"https:\/\/smartgrader.com\/wp-content\/uploads\/2024\/02\/smartgrader-reader-6.jpeg\" alt=\"smartgrader-reader-6\" itemprop=\"image\" height=\"1365\" width=\"2048\" title=\"smartgrader-reader-6\" onerror=\"this.style.display='none'\"  \/>\n<h3>\n\t\tExp\u00e9riences utilisateur\n\t<\/h3>\n\t<p>Comment fonctionne le Smart Grader Reader ? Vous pouvez le voir dans les vid\u00e9os ci-dessous.<\/p>\n\t<iframe loading=\"lazy\" title=\"Smart Grader Reader Jensma testimonial\" width=\"500\" height=\"281\" src=\"https:\/\/www.youtube.com\/embed\/dgTXvEZPSzM?start=1&#038;feature=oembed\" frameborder=\"0\" allow=\"accelerometer; autoplay; clipboard-write; encrypted-media; gyroscope; picture-in-picture; web-share\" referrerpolicy=\"strict-origin-when-cross-origin\" allowfullscreen><\/iframe>\n\t<p>Smart Grader Reader 3.0 Jensma testimonial NL<\/p>\n\t<iframe loading=\"lazy\" title=\"Smart Grader Reader 3.0\" width=\"500\" height=\"281\" src=\"https:\/\/www.youtube.com\/embed\/sPaie-7Mo6Y?start=2&#038;feature=oembed\" frameborder=\"0\" allow=\"accelerometer; autoplay; clipboard-write; encrypted-media; gyroscope; picture-in-picture; web-share\" referrerpolicy=\"strict-origin-when-cross-origin\" allowfullscreen><\/iframe>\n\t<p>Smart Grader Reader 3.0<\/p>\n<h3>\n\t\tListe d&rsquo;options\n\t<\/h3>\n<h3>\n\t\tT\u00e9l\u00e9charger la liste des options du Smart Grader Reader\n\t<\/h3>\n\t<p>Smart Grader Reader est une machine sur mesure. La liste des options est longue, vous permettant de composer le lecteur exactement selon vos souhaits.<\/p>\n\t\t\t\t<img loading=\"lazy\" decoding=\"async\" src=\"https:\/\/smartgrader.com\/wp-content\/uploads\/2024\/02\/optielijst-mockup-smartgrader-reader-web.png\" alt=\"optielijst-mockup-smartgrader-reader-web\" itemprop=\"image\" height=\"617\" width=\"800\" title=\"optielijst-mockup-smartgrader-reader-web\" onerror=\"this.style.display='none'\"  \/>\n\n","protected":false},"excerpt":{"rendered":"<p>Enregistrement pr\u00e9cis et extr\u00eamement rapide Smart Grader reader Mesurer, c&rsquo;est savoir ! L&rsquo;\u00e9chantillonnage n&rsquo;a jamais \u00e9t\u00e9 aussi facile. Le Smart Grader Reader est notre dispositif d&rsquo;enregistrement pour un \u00e9chantillonnage facile et rapide des pommes de terre, des oignons et d&rsquo;autres produits. Le fonctionnement est simple. Vous videz une caisse d&rsquo;\u00e9chantillons dans la tr\u00e9mie. La cam\u00e9ra&hellip;<\/p>\n","protected":false},"author":1,"featured_media":0,"parent":21053,"menu_order":0,"comment_status":"closed","ping_status":"closed","template":"","meta":{"_acf_changed":false,"footnotes":""},"class_list":["post-21075","page","type-page","status-publish","hentry"],"acf":[],"_links":{"self":[{"href":"https:\/\/smartgrader.com\/fr\/wp-json\/wp\/v2\/pages\/21075","targetHints":{"allow":["GET"]}}],"collection":[{"href":"https:\/\/smartgrader.com\/fr\/wp-json\/wp\/v2\/pages"}],"about":[{"href":"https:\/\/smartgrader.com\/fr\/wp-json\/wp\/v2\/types\/page"}],"author":[{"embeddable":true,"href":"https:\/\/smartgrader.com\/fr\/wp-json\/wp\/v2\/users\/1"}],"replies":[{"embeddable":true,"href":"https:\/\/smartgrader.com\/fr\/wp-json\/wp\/v2\/comments?post=21075"}],"version-history":[{"count":8,"href":"https:\/\/smartgrader.com\/fr\/wp-json\/wp\/v2\/pages\/21075\/revisions"}],"predecessor-version":[{"id":21598,"href":"https:\/\/smartgrader.com\/fr\/wp-json\/wp\/v2\/pages\/21075\/revisions\/21598"}],"up":[{"embeddable":true,"href":"https:\/\/smartgrader.com\/fr\/wp-json\/wp\/v2\/pages\/21053"}],"wp:attachment":[{"href":"https:\/\/smartgrader.com\/fr\/wp-json\/wp\/v2\/media?parent=21075"}],"curies":[{"name":"wp","href":"https:\/\/api.w.org\/{rel}","templated":true}]}}