{"id":21070,"date":"2024-04-16T12:29:46","date_gmt":"2024-04-16T12:29:46","guid":{"rendered":"https:\/\/smartgrader.com\/oplossingen\/onderwater-wegen\/"},"modified":"2024-06-28T12:18:02","modified_gmt":"2024-06-28T12:18:02","slug":"reader-s","status":"publish","type":"page","link":"https:\/\/smartgrader.com\/fr\/solutions\/reader-s\/","title":{"rendered":"Poids dans l\u2019eau"},"content":{"rendered":"\n<h2>\n\t\tSmart Grader Reader S pour une d\u00e9termination pr\u00e9cise de la teneur en amidon \n\t<\/h2>\n<h1>\n\t\tSmart Grader reader S\n\t<\/h1>\n<h2>\n\t\tD\u00e9terminer rapidement et pr\u00e9cis\u00e9ment la teneur en amidon\n\t<\/h2>\n\t<p>Le Smart Grader Reader S est un module de pesage sous eau qui peut \u00eatre facilement connect\u00e9 au Smart Grader Reader. En plus de l&rsquo;\u00e9chantillonnage, il vous permet de d\u00e9terminer rapidement et pr\u00e9cis\u00e9ment la teneur en amidon.<\/p>\n<p>Convient \u00e9galement aux oignons pour peser le poids sec.<\/p>\n\t\t\t\t<img loading=\"lazy\" decoding=\"async\" src=\"https:\/\/smartgrader.com\/wp-content\/uploads\/2024\/04\/220614111-scaled.jpg\" alt=\"Aardappels registreren\" itemprop=\"image\" height=\"1707\" width=\"2560\" title=\"Reader S\" onerror=\"this.style.display='none'\"  \/>\n<h2>\n\t\t D\u00e9termine le poids sec et le poids sous l&rsquo;eau\n\t<\/h2>\n\t<p>R\u00e9sum\u00e9 en une minute dans un rapport complet r\u00e9capitulant toutes les donn\u00e9es de chaque tubercule individuel.<\/p>\n\t\t\t\t<img loading=\"lazy\" decoding=\"async\" src=\"https:\/\/smartgrader.com\/wp-content\/uploads\/2024\/04\/220614060.jpg\" alt=\"Aardappels registreren\" itemprop=\"image\" height=\"683\" width=\"1024\" title=\"Aardappels registreren\" onerror=\"this.style.display='none'\"  \/>\n<h2>\n\t\tanalyse compl\u00e8te\n\t<\/h2>\n\t<p>La cam\u00e9ra analyse les pommes de terre et d\u00e9termine tr\u00e8s pr\u00e9cis\u00e9ment les dimensions, le volume, la maille carr\u00e9e et le poids.<\/p>\nPesage<br \/>\nLes pommes de terre sont d&rsquo;abord pes\u00e9es \u00e0 sec, puis une pes\u00e9e sous l&rsquo;eau a lieu afin de d\u00e9terminer la teneur en amidon.\n\t\t\t<a href=\"https:\/\/smartgrader.com\/fr\/contact\/\" target=\"_self\" rel=\"noopener\">\n\t\t\t\t\t\t\tContactez-nous maintenant\n\t\t\t\t\t<\/a>\n<h3>\n\t\tD\u00e9couvrez le fonctionnement du Smart Grader Reader s\n\t<\/h3>\n\t<iframe loading=\"lazy\" title=\"Smart Grader Reader S\" width=\"500\" height=\"281\" src=\"https:\/\/www.youtube.com\/embed\/BvHPq13yEb8?feature=oembed\" frameborder=\"0\" allow=\"accelerometer; autoplay; clipboard-write; encrypted-media; gyroscope; picture-in-picture; web-share\" referrerpolicy=\"strict-origin-when-cross-origin\" allowfullscreen><\/iframe>\n<h3>\n\t\tLes faits en un clin d&rsquo;\u0153il \n\t<\/h3>\n\t<ul>\n<li>Utilisation facile sur smartphone, tablette ou ordinateur portable<\/li>\n<li>Options de pesage\n<ul>\n<li>Poids calcul\u00e9<\/li>\n<li>Poids sous l&rsquo;eau<\/li>\n<li>Poids \u00e0 sec<\/li>\n<\/ul>\n<\/li>\n<li>Possibilit\u00e9s d&rsquo;enregistrement<\/li>\n<li>Maille carr\u00e9e\n<ul>\n<li>Volume<\/li>\n<li>Longueur<\/li>\n<li>Nombre<\/li>\n<\/ul>\n<\/li>\n<li>Teneur en amidon<\/li>\n<\/ul>\n\t\t\t\t<img loading=\"lazy\" decoding=\"async\" src=\"https:\/\/smartgrader.com\/wp-content\/uploads\/2024\/02\/smartgrader-reader-6.jpeg\" alt=\"smartgrader-reader-6\" itemprop=\"image\" height=\"1365\" width=\"2048\" title=\"smartgrader-reader-6\" onerror=\"this.style.display='none'\"  \/>\n\n","protected":false},"excerpt":{"rendered":"<p>Smart Grader Reader S pour une d\u00e9termination pr\u00e9cise de la teneur en amidon Smart Grader reader S D\u00e9terminer rapidement et pr\u00e9cis\u00e9ment la teneur en amidon Le Smart Grader Reader S est un module de pesage sous eau qui peut \u00eatre facilement connect\u00e9 au Smart Grader Reader. En plus de l&rsquo;\u00e9chantillonnage, il vous permet de d\u00e9terminer&hellip;<\/p>\n","protected":false},"author":1,"featured_media":0,"parent":21053,"menu_order":0,"comment_status":"closed","ping_status":"closed","template":"","meta":{"_acf_changed":false,"footnotes":""},"class_list":["post-21070","page","type-page","status-publish","hentry"],"acf":[],"_links":{"self":[{"href":"https:\/\/smartgrader.com\/fr\/wp-json\/wp\/v2\/pages\/21070","targetHints":{"allow":["GET"]}}],"collection":[{"href":"https:\/\/smartgrader.com\/fr\/wp-json\/wp\/v2\/pages"}],"about":[{"href":"https:\/\/smartgrader.com\/fr\/wp-json\/wp\/v2\/types\/page"}],"author":[{"embeddable":true,"href":"https:\/\/smartgrader.com\/fr\/wp-json\/wp\/v2\/users\/1"}],"replies":[{"embeddable":true,"href":"https:\/\/smartgrader.com\/fr\/wp-json\/wp\/v2\/comments?post=21070"}],"version-history":[{"count":6,"href":"https:\/\/smartgrader.com\/fr\/wp-json\/wp\/v2\/pages\/21070\/revisions"}],"predecessor-version":[{"id":21475,"href":"https:\/\/smartgrader.com\/fr\/wp-json\/wp\/v2\/pages\/21070\/revisions\/21475"}],"up":[{"embeddable":true,"href":"https:\/\/smartgrader.com\/fr\/wp-json\/wp\/v2\/pages\/21053"}],"wp:attachment":[{"href":"https:\/\/smartgrader.com\/fr\/wp-json\/wp\/v2\/media?parent=21070"}],"curies":[{"name":"wp","href":"https:\/\/api.w.org\/{rel}","templated":true}]}}