{"id":21068,"date":"2024-03-21T13:33:22","date_gmt":"2024-03-21T13:33:22","guid":{"rendered":"https:\/\/smartgrader.com\/oplossingen\/maat-scheiden\/"},"modified":"2025-02-28T06:50:58","modified_gmt":"2025-02-28T06:50:58","slug":"reader-plus","status":"publish","type":"page","link":"https:\/\/smartgrader.com\/fr\/solutions\/reader-plus\/","title":{"rendered":"tri selon le calibre"},"content":{"rendered":"\n<h2>\n\t\tTri sur la base des r\u00e9sultats mesur\u00e9s\n\t<\/h2>\n<h1>\n\t\tSmart Grader reader +\n\t<\/h1>\n<h2>\n\t\tTri facile\n\t<\/h2>\n\t<p>Notre Smart Grader Reader est utilis\u00e9 pour une mesure rapide et pr\u00e9cise des \u00e9chantillons. Avec le Smart Grader Reader+, nous allons encore plus loin. Le module suppl\u00e9mentaire permet de cr\u00e9er un tri bas\u00e9 sur les r\u00e9sultats mesur\u00e9s.<\/p>\n<strong>Contr\u00f4le de suivi pour les gros calibres<br \/>\n<\/strong>Dans le processus de tri conventionnel, le Smart Grader Reader + peut \u00eatre utilis\u00e9 comme contr\u00f4le de suivi des gros calibres afin d&rsquo;obtenir un rendement plus \u00e9lev\u00e9.\n\t\t\t\t<img loading=\"lazy\" decoding=\"async\" src=\"https:\/\/smartgrader.com\/wp-content\/uploads\/2025\/02\/241114107-A.jpg\" alt=\"241114107-A\" itemprop=\"image\" height=\"683\" width=\"1024\" title=\"241114107-A\" onerror=\"this.style.display='none'\"  \/>\n<h2>\n\t\tTri sur la base des r\u00e9sultats mesur\u00e9s\n\t<\/h2>\n\t<p>Au cours du processus d&rsquo;enregistrement, cr\u00e9ez un classement avec le nombre de tubercules souhait\u00e9<\/p>\n\t\t\t\t<img loading=\"lazy\" decoding=\"async\" src=\"https:\/\/smartgrader.com\/wp-content\/uploads\/2024\/04\/Sequence-05013-scaled.jpg\" alt=\"Maat scheiden\" itemprop=\"image\" height=\"1440\" width=\"2560\" title=\"Reader +\" onerror=\"this.style.display='none'\"  \/>\n<h2>\n\t\tConvivial et facile \u00e0 int\u00e9grer\n\t<\/h2>\n\t<p>Les produits sont souffl\u00e9s dans la bonne direction au moyen d&rsquo;air comprim\u00e9 pour \u00e9viter les dommages.<\/p>\n<p>Gr\u00e2ce \u00e0 sa taille compacte, le Smart Grader Reader+ peut \u00eatre facilement int\u00e9gr\u00e9 dans les processus d&rsquo;enregistrement et de tri existants.<\/p>\n\t\t\t<a href=\"https:\/\/smartgrader.com\/fr\/contact\/\" target=\"_self\">\n\t\t\t\t\t\t\tContactez-nous maintenant\n\t\t\t\t\t<\/a>\n<h3>\n\t\tVid\u00e9o Smart Grader Reader +\n\t<\/h3>\n\t<iframe loading=\"lazy\" title=\"SG Reader + 2025\" width=\"500\" height=\"281\" src=\"https:\/\/www.youtube.com\/embed\/U_6Cl7fExBU?feature=oembed\" frameborder=\"0\" allow=\"accelerometer; autoplay; clipboard-write; encrypted-media; gyroscope; picture-in-picture; web-share\" referrerpolicy=\"strict-origin-when-cross-origin\" allowfullscreen><\/iframe>\n<h2>\n\t\t Vue d&rsquo;ensemble des faits\n\t<\/h2>\n\t<ul>\n<li>Trier et enregistrement<\/li>\n<li>Possibilit\u00e9s de tri\n<ul>\n<li>Maille carr\u00e9e<\/li>\n<li>Diam\u00e8tre<\/li>\n<li>Longueur<\/li>\n<li>Poids calcul\u00e9<\/li>\n<\/ul>\n<\/li>\n<li>6 tonnes\/h avec un poids moyen du tubercule de 150g<\/li>\n<li>Dur\u00e9e de rentabilit\u00e9 rapide<\/li>\n<\/ul>\n\t\t\t\t<img loading=\"lazy\" decoding=\"async\" src=\"https:\/\/smartgrader.com\/wp-content\/uploads\/2024\/02\/smartgrader-reader-6.jpeg\" alt=\"smartgrader-reader-6\" itemprop=\"image\" height=\"1365\" width=\"2048\" title=\"smartgrader-reader-6\" onerror=\"this.style.display='none'\"  \/>\n\n","protected":false},"excerpt":{"rendered":"<p>Tri sur la base des r\u00e9sultats mesur\u00e9s Smart Grader reader + Tri facile Notre Smart Grader Reader est utilis\u00e9 pour une mesure rapide et pr\u00e9cise des \u00e9chantillons. Avec le Smart Grader Reader+, nous allons encore plus loin. Le module suppl\u00e9mentaire permet de cr\u00e9er un tri bas\u00e9 sur les r\u00e9sultats mesur\u00e9s. Contr\u00f4le de suivi pour les&hellip;<\/p>\n","protected":false},"author":1,"featured_media":0,"parent":21053,"menu_order":0,"comment_status":"closed","ping_status":"closed","template":"","meta":{"_acf_changed":false,"footnotes":""},"class_list":["post-21068","page","type-page","status-publish","hentry"],"acf":[],"_links":{"self":[{"href":"https:\/\/smartgrader.com\/fr\/wp-json\/wp\/v2\/pages\/21068","targetHints":{"allow":["GET"]}}],"collection":[{"href":"https:\/\/smartgrader.com\/fr\/wp-json\/wp\/v2\/pages"}],"about":[{"href":"https:\/\/smartgrader.com\/fr\/wp-json\/wp\/v2\/types\/page"}],"author":[{"embeddable":true,"href":"https:\/\/smartgrader.com\/fr\/wp-json\/wp\/v2\/users\/1"}],"replies":[{"embeddable":true,"href":"https:\/\/smartgrader.com\/fr\/wp-json\/wp\/v2\/comments?post=21068"}],"version-history":[{"count":6,"href":"https:\/\/smartgrader.com\/fr\/wp-json\/wp\/v2\/pages\/21068\/revisions"}],"predecessor-version":[{"id":21818,"href":"https:\/\/smartgrader.com\/fr\/wp-json\/wp\/v2\/pages\/21068\/revisions\/21818"}],"up":[{"embeddable":true,"href":"https:\/\/smartgrader.com\/fr\/wp-json\/wp\/v2\/pages\/21053"}],"wp:attachment":[{"href":"https:\/\/smartgrader.com\/fr\/wp-json\/wp\/v2\/media?parent=21068"}],"curies":[{"name":"wp","href":"https:\/\/api.w.org\/{rel}","templated":true}]}}