{"id":21063,"date":"2024-02-08T09:00:31","date_gmt":"2024-02-08T09:00:31","guid":{"rendered":"https:\/\/smartgrader.com\/oplossingen\/maat-en-kwaliteit-sorteren\/"},"modified":"2024-06-28T12:15:43","modified_gmt":"2024-06-28T12:15:43","slug":"evo","status":"publish","type":"page","link":"https:\/\/smartgrader.com\/fr\/solutions\/evo\/","title":{"rendered":"Tri selon le calibre et la qualit\u00e9"},"content":{"rendered":"\n<h2>\n\t\tTri optique autonome avec le Smart Grader Evo\n\t<\/h2>\n<h1>\n\t\tSmart Grader Evo\n\t<\/h1>\n<h2>\n\t\tEfficace et respectueux du produit\n\t<\/h2>\n\t<p>Le Smart Grader EVO est principalement utilis\u00e9 pour le tri des pommes de terre, mais \u00e9galement pour le tri des \u00e9chalotes, oignons et patates douces.<\/p>\n<p>Le flux de produit est d\u00e9pos\u00e9 sur une goulotte vibrante, qui assure un passage individuel des produitss sur les roulettes. Gr\u00e2ce au mouvement de roulement, chaque produit est \u00e9valu\u00e9 avec pr\u00e9cision par les cam\u00e9ras haute r\u00e9solution et \u00e0 param\u00e9trage ais\u00e9.<\/p>\n<p>M\u00eame les vers fil de fer, la gale et les bosses sont parfaitement d\u00e9tect\u00e9es. En fonction de la forme ou des caract\u00e9ristiques de qualit\u00e9, les produits sont transport\u00e9s vers la sortie correspondante de la bande ; Tr\u00e8s efficace et respectueux du produit.<\/p>\n\t\t\t\t<img loading=\"lazy\" decoding=\"async\" src=\"https:\/\/smartgrader.com\/wp-content\/uploads\/2024\/02\/Smart-Grader-EVO-231129135.jpg\" alt=\"Smart-Grader-EVO-231129135\" itemprop=\"image\" height=\"1280\" width=\"1920\" title=\"Smart-Grader-EVO-231129135\" onerror=\"this.style.display='none'\"  \/>\n\t\t\t\t<img loading=\"lazy\" decoding=\"async\" src=\"https:\/\/smartgrader.com\/wp-content\/uploads\/2024\/04\/200305036.jpg\" alt=\"Maat en kwaliteit sorteren sg evo\" itemprop=\"image\" height=\"683\" width=\"1024\" title=\"Maat en kwaliteit sorteren sg evo\" onerror=\"this.style.display='none'\"  \/>\n<h2>\n\t\tModules d&rsquo;extension\n\t<\/h2>\n\t<p>Le Smart Grader EVO est disponible avec deux, quatre, huit ou douze bandes. Les divers types de Smart Grader EVO sont faciles \u00e0 connecter les uns aux autres. Gr\u00e2ce \u00e0 cette option modulaire, il est possible d&rsquo;augmenter la capacit\u00e9.<\/p>\n<h3>\n\t\tDes conseils sur mesure ?\n\t<\/h3>\n\t\t\t<a href=\"https:\/\/smartgrader.com\/fr\/contact\/\" target=\"_self\" rel=\"noopener\">\n\t\t\t\t\t\t\tContactez-nous maintenant\n\t\t\t\t\t<\/a>\n<h2>\n\t\tM\u00eame pr\u00e9cision 24h\/24 et 7j\/7 \n\t<\/h2>\n\t<p>Le Smart Grader EVO trie avec plus de pr\u00e9cision que l&rsquo;\u0153il humain, est infatigable et fonctionne 24 heures sur 24 et 7 jours sur 7 avec la m\u00eame pr\u00e9cision.<\/p>\n<p>De plus, toutes les informations de tri sont stock\u00e9es par lot. Vous savez exactement ce que vous livrez et le client sait exactement ce qu&rsquo;il re\u00e7oit.<\/p>\n\t\t\t\t<img loading=\"lazy\" decoding=\"async\" src=\"https:\/\/smartgrader.com\/wp-content\/uploads\/2024\/04\/thumbnail_image001.png\" alt=\"Kwaliteit sorteren\" itemprop=\"image\" height=\"867\" width=\"1480\" title=\"Kwaliteit sorteren\" onerror=\"this.style.display='none'\"  \/>\n<h2>\n\t\tGeJo fournit des solutions compl\u00e8tes !\n\t<\/h2>\n\t<p>GeJo Grading d\u00e9veloppe des solutions de tri sur mesure. Les syst\u00e8mes de tri sont con\u00e7us en \u00e9troite collaboration avec le client et sont adapt\u00e9s aux circonstances correspondantes. Si n\u00e9cessaire, nous pouvons \u00e9galement faire appel \u00e0 d&rsquo;autres constructeurs de machines pour assurer la comptabilit\u00e9 de tous les composants et pour atteindre la capacit\u00e9 optimale<\/p>\n<p>En fin de compte, tous les maillons du processus de tri contribuent au succ\u00e8s de votre ligne de tri ! Nous nous tenons \u00e0 votre disposition pour r\u00e9fl\u00e9chir avec vous.<\/p>\n<h3>\n\t\tDes conseils sur mesure ? \n\t<\/h3>\n\t\t\t<a href=\"https:\/\/smartgrader.com\/fr\/contact\/\" target=\"_self\" rel=\"noopener\">\n\t\t\t\t\t\t\tContactez-nous maintenant\n\t\t\t\t\t<\/a>\n<h2>\n\t\tD\u00e9couvrez le Smart Grader Evo\n\t<\/h2>\n\t<p>Entre-temps, le Smart Grader est d\u00e9j\u00e0 utilis\u00e9 par de nombreuses entreprises, \u00e0 certains endroits, depuis plus de 15 ans.<\/p>\n<p>Vous souhaitez d\u00e9couvrir les r\u00e9sultats par vous-m\u00eame ? Veuillez nous contacter et nous serons heureux de vous mettre en contact avec un utilisateur de Smart Grader dans votre r\u00e9gion.<\/p>\n\t\t\t\t<img loading=\"lazy\" decoding=\"async\" src=\"https:\/\/smartgrader.com\/wp-content\/uploads\/2024\/04\/Kaart-met-Smart-Graders.png\" alt=\"Kaart met Smart Graders\" itemprop=\"image\" height=\"1080\" width=\"1920\" title=\"Kaart met Smart Graders\" onerror=\"this.style.display='none'\"  \/>\n<h2>\n\t\tLes faits en un clin d&rsquo;\u0153il\n\t<\/h2>\n\t<ul>\n<li>Calibre et qualit\u00e9<\/li>\n<li>Rotation autonome<\/li>\n<li>1 tonne\/h par bande avec un poids moyen du tubercule de 100 grammes<\/li>\n<li>Pistes\/sorties modulaires<\/li>\n<li>Vue d&rsquo;ensemble des donn\u00e9es<\/li>\n<li>Retour sur investissement justifiable<\/li>\n<\/ul>\n\t\t\t\t<img loading=\"lazy\" decoding=\"async\" src=\"https:\/\/smartgrader.com\/wp-content\/uploads\/2024\/04\/220524042.jpg\" alt=\"Maat en kwaliteit sorteren sg evo\" itemprop=\"image\" height=\"683\" width=\"1024\" title=\"Maat en kwaliteit sorteren sg evo\" onerror=\"this.style.display='none'\"  \/>\n<h2>\n\t\tT\u00e9moignages d&rsquo;utilisateurs\n\t<\/h2>\n\t<p>D\u00e9couvrez ce que les clients disent de notre Smart Grader EVO dans les t\u00e9moignages d&rsquo;utilisateurs ci-dessous.<\/p>\n\n","protected":false},"excerpt":{"rendered":"<p>Tri optique autonome avec le Smart Grader Evo Smart Grader Evo Efficace et respectueux du produit Le Smart Grader EVO est principalement utilis\u00e9 pour le tri des pommes de terre, mais \u00e9galement pour le tri des \u00e9chalotes, oignons et patates douces. Le flux de produit est d\u00e9pos\u00e9 sur une goulotte vibrante, qui assure un passage&hellip;<\/p>\n","protected":false},"author":1,"featured_media":0,"parent":21053,"menu_order":0,"comment_status":"closed","ping_status":"closed","template":"","meta":{"_acf_changed":false,"footnotes":""},"class_list":["post-21063","page","type-page","status-publish","hentry"],"acf":[],"_links":{"self":[{"href":"https:\/\/smartgrader.com\/fr\/wp-json\/wp\/v2\/pages\/21063","targetHints":{"allow":["GET"]}}],"collection":[{"href":"https:\/\/smartgrader.com\/fr\/wp-json\/wp\/v2\/pages"}],"about":[{"href":"https:\/\/smartgrader.com\/fr\/wp-json\/wp\/v2\/types\/page"}],"author":[{"embeddable":true,"href":"https:\/\/smartgrader.com\/fr\/wp-json\/wp\/v2\/users\/1"}],"replies":[{"embeddable":true,"href":"https:\/\/smartgrader.com\/fr\/wp-json\/wp\/v2\/comments?post=21063"}],"version-history":[{"count":8,"href":"https:\/\/smartgrader.com\/fr\/wp-json\/wp\/v2\/pages\/21063\/revisions"}],"predecessor-version":[{"id":21467,"href":"https:\/\/smartgrader.com\/fr\/wp-json\/wp\/v2\/pages\/21063\/revisions\/21467"}],"up":[{"embeddable":true,"href":"https:\/\/smartgrader.com\/fr\/wp-json\/wp\/v2\/pages\/21053"}],"wp:attachment":[{"href":"https:\/\/smartgrader.com\/fr\/wp-json\/wp\/v2\/media?parent=21063"}],"curies":[{"name":"wp","href":"https:\/\/api.w.org\/{rel}","templated":true}]}}