{"id":21059,"date":"2024-02-08T09:00:41","date_gmt":"2024-02-08T09:00:41","guid":{"rendered":"https:\/\/smartgrader.com\/oplossingen\/bomen-en-planten-sorteren\/"},"modified":"2024-06-28T12:17:21","modified_gmt":"2024-06-28T12:17:21","slug":"tree-grader","status":"publish","type":"page","link":"https:\/\/smartgrader.com\/fr\/solutions\/tree-grader\/","title":{"rendered":"Tri des arbres et des plantes"},"content":{"rendered":"\n<h2>\n\t\tSmart Grader pour souches, plantes foresti\u00e8res et haies\n\t<\/h2>\n<h1>\n\t\tSmart Grader Tree \n\t<\/h1>\n<h2>\n\t\tAUTOMATIQUE ET PR\u00c9CIS\n\t<\/h2>\n\t<p>Le Smart Grader Tree a \u00e9t\u00e9 sp\u00e9cialement d\u00e9velopp\u00e9 pour le tri des souches, des plantes foresti\u00e8res et des haies.<\/p>\n<p>Le produit est plac\u00e9 manuellement sur la bande o\u00f9 il est analys\u00e9 et class\u00e9 par des cam\u00e9ras sp\u00e9cifiques. Sur la base de ces r\u00e9sultats, le produit est plac\u00e9 dans la bonne zone de tri.<\/p>\n<p>Le logiciel sp\u00e9cial TrueSortTM de notre partenaire de coop\u00e9ration Ellips assure une pr\u00e9cision de tri allant jusqu&rsquo;\u00e0 0,1 mm.<\/p>\n\t\t\t\t<img loading=\"lazy\" decoding=\"async\" src=\"https:\/\/smartgrader.com\/wp-content\/uploads\/2024\/04\/240131177.jpg\" alt=\"Smart Grader Bomen en planten sorteren\" itemprop=\"image\" height=\"683\" width=\"1024\" title=\"tree grader\" onerror=\"this.style.display='none'\"  \/>\n\n\t\t\t\t<img loading=\"lazy\" decoding=\"async\" src=\"https:\/\/smartgrader.com\/wp-content\/uploads\/2024\/04\/240131115.jpg\" alt=\"Smart Grader Bomen en planten sorteren\" itemprop=\"image\" height=\"767\" width=\"1024\" title=\"tree grader\" onerror=\"this.style.display='none'\"  \/>\n<h2>\n\t\tSouches, plantes foresti\u00e8res et haies\n\t<\/h2>\n\t<p>Le Smart Grader Tree est utilis\u00e9 par les producteurs de souches, de plantes foresti\u00e8res et de haies, qui souhaitent trier leurs produits optiquement avec la plus grande pr\u00e9cision possible.<\/p>\n<p>Vous \u00eates curieux de savoir ce que nous pouvons faire pour vous ? Contactez-nous.<\/p>\n\t\t\t<a href=\"https:\/\/smartgrader.com\/fr\/contact\/\" target=\"_self\" rel=\"noopener\">\n\t\t\t\t\t\t\tContactez-nous maintenant\n\t\t\t\t\t<\/a>\n<h2>\n\t\tLes faits en un clin d&rsquo;\u0153il\n\t<\/h2>\n\t<ul>\n<li>Options de tri\n<ul>\n<li>Diam\u00e8tre du collet de la racine<\/li>\n<li>Diam\u00e8tre de la greffe<\/li>\n<li>Longueur<\/li>\n<\/ul>\n<\/li>\n<li>Utilisation facile<\/li>\n<li>En moyenne, 1\u00a0600 plantes par heure et par personne<\/li>\n<li>Rendement justifiable<\/li>\n<\/ul>\n\t\t\t\t<img loading=\"lazy\" decoding=\"async\" src=\"https:\/\/smartgrader.com\/wp-content\/uploads\/2024\/04\/sc-onderstam.png\" alt=\"Bomen sorteren sg tree grader\" itemprop=\"image\" height=\"942\" width=\"1407\" title=\"sc onderstam\" onerror=\"this.style.display='none'\"  \/>\n<h3>\n\t\tD\u00e9couvrez comment fonctionne le Smart Grader Tree ici\n\t<\/h3>\n\t<iframe loading=\"lazy\" title=\"Smart Tree Grader\" width=\"500\" height=\"281\" src=\"https:\/\/www.youtube.com\/embed\/8N-sPytJ8Fc?feature=oembed\" frameborder=\"0\" allow=\"accelerometer; autoplay; clipboard-write; encrypted-media; gyroscope; picture-in-picture; web-share\" referrerpolicy=\"strict-origin-when-cross-origin\" allowfullscreen><\/iframe>\n\n","protected":false},"excerpt":{"rendered":"<p>Smart Grader pour souches, plantes foresti\u00e8res et haies Smart Grader Tree AUTOMATIQUE ET PR\u00c9CIS Le Smart Grader Tree a \u00e9t\u00e9 sp\u00e9cialement d\u00e9velopp\u00e9 pour le tri des souches, des plantes foresti\u00e8res et des haies. Le produit est plac\u00e9 manuellement sur la bande o\u00f9 il est analys\u00e9 et class\u00e9 par des cam\u00e9ras sp\u00e9cifiques. Sur la base de&hellip;<\/p>\n","protected":false},"author":1,"featured_media":0,"parent":21053,"menu_order":0,"comment_status":"closed","ping_status":"closed","template":"","meta":{"_acf_changed":false,"footnotes":""},"class_list":["post-21059","page","type-page","status-publish","hentry"],"acf":[],"_links":{"self":[{"href":"https:\/\/smartgrader.com\/fr\/wp-json\/wp\/v2\/pages\/21059","targetHints":{"allow":["GET"]}}],"collection":[{"href":"https:\/\/smartgrader.com\/fr\/wp-json\/wp\/v2\/pages"}],"about":[{"href":"https:\/\/smartgrader.com\/fr\/wp-json\/wp\/v2\/types\/page"}],"author":[{"embeddable":true,"href":"https:\/\/smartgrader.com\/fr\/wp-json\/wp\/v2\/users\/1"}],"replies":[{"embeddable":true,"href":"https:\/\/smartgrader.com\/fr\/wp-json\/wp\/v2\/comments?post=21059"}],"version-history":[{"count":5,"href":"https:\/\/smartgrader.com\/fr\/wp-json\/wp\/v2\/pages\/21059\/revisions"}],"predecessor-version":[{"id":21470,"href":"https:\/\/smartgrader.com\/fr\/wp-json\/wp\/v2\/pages\/21059\/revisions\/21470"}],"up":[{"embeddable":true,"href":"https:\/\/smartgrader.com\/fr\/wp-json\/wp\/v2\/pages\/21053"}],"wp:attachment":[{"href":"https:\/\/smartgrader.com\/fr\/wp-json\/wp\/v2\/media?parent=21059"}],"curies":[{"name":"wp","href":"https:\/\/api.w.org\/{rel}","templated":true}]}}