{"id":21044,"date":"2024-02-05T10:08:53","date_gmt":"2024-02-05T10:08:53","guid":{"rendered":"https:\/\/smartgrader.com\/home\/"},"modified":"2025-02-07T13:06:00","modified_gmt":"2025-02-07T13:06:00","slug":"accueil","status":"publish","type":"page","link":"https:\/\/smartgrader.com\/fr\/","title":{"rendered":"Accueil"},"content":{"rendered":"\n<h1>\n\t\tQuand le calibre et la qualit\u00e9 comptent !\n\t<\/h1>\n<h3>\n\t\tTri optique = cr\u00e9ation de valeur ajout\u00e9e\n\t<\/h3>\n\t\t\t<a href=\"https:\/\/smartgrader.com\/fr\/tri-optique\/\" target=\"_self\">\n\t\t\t\t\t\tPlus d&rsquo;informations sur le tri optique ici !\n\t\t\t\t\t<\/a>\n\t<meta itemprop=\"url\" content=\"https:\/\/smartgrader.com\/wp-content\/uploads\/2025\/02\/smart-grader-site-header-compr1.mp4\" \/><div style=\"width: 640px;\" class=\"wp-video\"><video muted class=\"wp-video-shortcode\" id=\"video-21044-1\" width=\"640\" height=\"360\" loop autoplay preload=\"metadata\" controls=\"controls\"><source type=\"video\/mp4\" src=\"https:\/\/smartgrader.com\/wp-content\/uploads\/2025\/02\/smart-grader-site-header-compr1.mp4?_=1\" \/><source type=\"video\/mp4\" src=\"https:\/\/smartgrader.com\/wp-content\/uploads\/2025\/02\/smart-grader-site-header-compr1.mp4?_=1\" \/><a href=\"https:\/\/smartgrader.com\/wp-content\/uploads\/2025\/02\/smart-grader-site-header-compr1.mp4\">https:\/\/smartgrader.com\/wp-content\/uploads\/2025\/02\/smart-grader-site-header-compr1.mp4<\/a><\/video><\/div>\n<h2>\n\t\tNos solutions\n\t<\/h2>\n\t<a href=\"https:\/\/smartgrader.com\/fr\/solutions\/evo\/\" target=\"_self\"  aria-label=\"Aller \u00e0 https:\/\/smartgrader.com\/fr\/solutions\/evo\/\"><\/a>\n\t\t\t\t<img decoding=\"async\" src=\"https:\/\/smartgrader.com\/wp-content\/uploads\/2024\/02\/Smart-Grader-Smartgrader-1.jpg\" alt=\"Smart-Grader-Smartgrader-1\" title=\"Smart-Grader-Smartgrader-1\" itemprop=\"image\"\/>\n\t\t<h5>Classement selon le calibre et la qualit\u00e9 <\/h5><h3>EVO<\/h3>\t\t\t\n\t<a href=\"https:\/\/smartgrader.com\/fr\/solutions\/tree-grader\/\" target=\"_self\"  aria-label=\"Aller \u00e0 https:\/\/smartgrader.com\/fr\/solutions\/tree-grader\/\"><\/a>\n\t\t\t\t<img decoding=\"async\" src=\"https:\/\/smartgrader.com\/wp-content\/uploads\/2024\/02\/Smart-Grader-Tree-grader-1.jpg\" alt=\"Smart-Grader-Tree-grader-1\" title=\"Smart-Grader-Tree-grader-1\" itemprop=\"image\"\/>\n\t\t<h5>Tri des arbres et des plantes <\/h5><h3>Tree Grader<\/h3>\t\t\t\n\t<a href=\"https:\/\/smartgrader.com\/fr\/solutions\/reader\/\" target=\"_self\"  aria-label=\"Aller \u00e0 https:\/\/smartgrader.com\/fr\/solutions\/reader\/\"><\/a>\n\t\t\t\t<img decoding=\"async\" src=\"https:\/\/smartgrader.com\/wp-content\/uploads\/2024\/02\/Smart-Grader-Reader-1.jpg\" alt=\"Smart-Grader-Reader-1\" title=\"Smart-Grader-Reader-1\" itemprop=\"image\"\/>\n\t\t<h5>Enregistrement <\/h5><h3>Reader<\/h3>\t\t\t\n\t<a href=\" https:\/\/smartgrader.com\/fr\/solutions\/reader-plus\/\" target=\"_self\"  aria-label=\"Aller \u00e0  https:\/\/smartgrader.com\/fr\/solutions\/reader-plus\/\"><\/a>\n\t\t\t\t<img decoding=\"async\" src=\"https:\/\/smartgrader.com\/wp-content\/uploads\/2024\/02\/Smart-Grader-Reader-plus-1.jpg\" alt=\"Smart-Grader-Reader-plus-1\" title=\"Smart-Grader-Reader-plus-1\" itemprop=\"image\"\/>\n\t\t<h5>Tri selon le calibre <\/h5><h3>Reader +<\/h3>\t\t\t\n\t<a href=\"https:\/\/smartgrader.com\/fr\/solutions\/reader-s\/\" target=\"_self\"  aria-label=\"Aller \u00e0 https:\/\/smartgrader.com\/fr\/solutions\/reader-s\/\"><\/a>\n\t\t\t\t<img decoding=\"async\" src=\"https:\/\/smartgrader.com\/wp-content\/uploads\/2024\/04\/Reader-S-1-scaled.jpg\" alt=\"Aardappels registreren\" title=\"Reader S\" itemprop=\"image\"\/>\n\t\t<h5>Poids dans l&rsquo;eau <\/h5><h3>Reader S<\/h3>\t\t\t\n<h3>\n\t\tSmart Grader EVO\n\t<\/h3>\n<h2>\n\t\tEfficace et respectueux du produit\n\t<\/h2>\n\t<p>Le Smart Grader EVO est la solution pour maximiser le rendement. Gr\u00e2ce \u00e0 des technologies de haute qualit\u00e9, les pommes de terre sont tri\u00e9es avec une grande pr\u00e9cision.<\/p>\n\t\t\t<a href=\"https:\/\/smartgrader.com\/fr\/solutions\/evo\/\" target=\"_self\">\n\t\t\t\t\t\tPlus d&rsquo;informations sur le Smart Grader EVO ici\n\t\t\t\t\t<\/a>\n\t\t\t\t<img loading=\"lazy\" decoding=\"async\" src=\"https:\/\/smartgrader.com\/wp-content\/uploads\/2024\/04\/evo-231129164-scaled-1.jpg\" alt=\"Maat en kwaliteit sorteren sg evo\" itemprop=\"image\" height=\"1138\" width=\"2000\" title=\"Maat en kwaliteit sorteren sg evo\" onerror=\"this.style.display='none'\"  \/>\n\t\t\t\t<img loading=\"lazy\" decoding=\"async\" src=\"https:\/\/smartgrader.com\/wp-content\/uploads\/2024\/04\/240131156c-scaled-e1714114605428.jpg\" alt=\"bomen sorteren\" itemprop=\"image\" height=\"683\" width=\"1024\" title=\"SG Tree Grader\" onerror=\"this.style.display='none'\"  \/>\n<h3>\n\t\tSmart Grader Tree\n\t<\/h3>\n<h2>\n\t\tAUTOMATIQUE ET PR\u00c9CIS\n\t<\/h2>\n\t<p>Le Smart Grader Tree a \u00e9t\u00e9 sp\u00e9cialement d\u00e9velopp\u00e9 pour le tri des arbres et des souches. \u00c9conomise de la main-d&rsquo;\u0153uvre et est facile \u00e0 utiliser.<\/p>\n\t\t\t<a href=\"https:\/\/smartgrader.com\/fr\/solutions\/tree-grader\/\" target=\"_self\">\n\t\t\t\t\t\tPlus d&rsquo;informations sur le Smart Grader Tree, cliquez ici\n\t\t\t\t\t<\/a>\n<h3>\n\t\tSmart Grader Reader\n\t<\/h3>\n<h2>\n\t\tEnregistrement pr\u00e9cis et extr\u00eamement rapide\n\t<\/h2>\n\t<p>Le Smart Grader Reader est un dispositif d&rsquo;enregistrement tr\u00e8s pr\u00e9cis utilis\u00e9 pour faciliter l&rsquo;\u00e9chantillonnage des pommes de terre, des oignons et d&rsquo;autres produits.<\/p>\n\t\t\t<a href=\"https:\/\/smartgrader.com\/fr\/solutions\/reader\/\" target=\"_self\">\n\t\t\t\t\t\tPlus d&rsquo;informations sur le Smart Grader Reader, cliquez ici\n\t\t\t\t\t<\/a>\n\t\t\t\t<img loading=\"lazy\" decoding=\"async\" src=\"https:\/\/smartgrader.com\/wp-content\/uploads\/2024\/04\/reader-230829107-scaled-e1712146996436.jpg\" alt=\"reader-230829107-scaled-e1712146996436\" itemprop=\"image\" height=\"1138\" width=\"2000\" title=\"reader-230829107-scaled-e1712146996436\" onerror=\"this.style.display='none'\"  \/>\n<h2>\n\t\tT\u00e9moignages\n\t<\/h2>\n\t\t\t\t\t<img decoding=\"async\" src=\"https:\/\/i.ytimg.com\/vi\/NvkBmfFWP4U\/maxresdefault.jpg\" alt=\"youtube-video-thumbnail\"\/>\n\t\t\t\t\t<img decoding=\"async\" src=\"https:\/\/i.ytimg.com\/vi\/dgTXvEZPSzM\/maxresdefault.jpg\" alt=\"youtube-video-thumbnail\"\/>\n\t\t\t<a href=\"https:\/\/smartgrader.com\/fr\/experiences-utilisateur\/\" target=\"_self\">\n\t\t\t\t\t\tVoir toutes les exp\u00e9riences ici\n\t\t\t\t\t<\/a>\n<h3>\n\t\tQui sommes-nous ?\n\t<\/h3>\n\t<p>Smart Grader est un produit (re)d\u00e9velopp\u00e9 par GeJo Grading Services, un sp\u00e9cialiste dans le domaine du tri optique. En 2018, GeJo Grading Services a repris le d\u00e9veloppement et la production du Smart Grader pour les pommes de terre. Le r\u00e9sultat\u00a0: un produit innovatif, le Smart Grader Reader compact, qui analyse des \u00e9chantillons de 10 kg en seulement 20 secondes.<\/p>\n\t\t\t<a href=\"https:\/\/smartgrader.com\/fr\/qui-sommes-nous\/\" target=\"_self\">\n\t\t\t\t\t\tEn savoir plus sur nous\n\t\t\t\t\t<\/a>\n<h2>\n\t\tProc\u00e9dons au tri !\n\t<\/h2>\n<h3>\n\t\tT\u00e9l\u00e9charger les brochures du Smart Grader\n\t<\/h3>\n\n","protected":false},"excerpt":{"rendered":"<p>Quand le calibre et la qualit\u00e9 comptent ! Tri optique = cr\u00e9ation de valeur ajout\u00e9e Plus d&rsquo;informations sur le tri optique ici ! Nos solutions Classement selon le calibre et la qualit\u00e9 EVO Tri des arbres et des plantes Tree Grader Enregistrement Reader Tri selon le calibre Reader + Poids dans l&rsquo;eau Reader S Smart&hellip;<\/p>\n","protected":false},"author":1,"featured_media":0,"parent":0,"menu_order":0,"comment_status":"closed","ping_status":"closed","template":"","meta":{"_acf_changed":false,"footnotes":""},"class_list":["post-21044","page","type-page","status-publish","hentry"],"acf":[],"_links":{"self":[{"href":"https:\/\/smartgrader.com\/fr\/wp-json\/wp\/v2\/pages\/21044","targetHints":{"allow":["GET"]}}],"collection":[{"href":"https:\/\/smartgrader.com\/fr\/wp-json\/wp\/v2\/pages"}],"about":[{"href":"https:\/\/smartgrader.com\/fr\/wp-json\/wp\/v2\/types\/page"}],"author":[{"embeddable":true,"href":"https:\/\/smartgrader.com\/fr\/wp-json\/wp\/v2\/users\/1"}],"replies":[{"embeddable":true,"href":"https:\/\/smartgrader.com\/fr\/wp-json\/wp\/v2\/comments?post=21044"}],"version-history":[{"count":10,"href":"https:\/\/smartgrader.com\/fr\/wp-json\/wp\/v2\/pages\/21044\/revisions"}],"predecessor-version":[{"id":21793,"href":"https:\/\/smartgrader.com\/fr\/wp-json\/wp\/v2\/pages\/21044\/revisions\/21793"}],"wp:attachment":[{"href":"https:\/\/smartgrader.com\/fr\/wp-json\/wp\/v2\/media?parent=21044"}],"curies":[{"name":"wp","href":"https:\/\/api.w.org\/{rel}","templated":true}]}}