{"id":21040,"date":"2024-02-15T15:54:45","date_gmt":"2024-02-15T15:54:45","guid":{"rendered":"https:\/\/smartgrader.com\/gebruikerservaringen\/"},"modified":"2024-06-28T11:44:04","modified_gmt":"2024-06-28T11:44:04","slug":"experiences-utilisateur","status":"publish","type":"page","link":"https:\/\/smartgrader.com\/fr\/experiences-utilisateur\/","title":{"rendered":"Exp\u00e9riences utilisateur"},"content":{"rendered":"\n<h2>\n\t\tL&rsquo;exp\u00e9rience de Smart Grader de nos clients\n\t<\/h2>\n<h1>\n\t\tExp\u00e9riences  utilisateurs \n\t<\/h1>\n\t<p>D\u00e9couvrez ce que les clients disent de nos machines dans les exp\u00e9riences utilisateurs ci-dessous.<\/p>\n\n","protected":false},"excerpt":{"rendered":"<p>L&rsquo;exp\u00e9rience de Smart Grader de nos clients Exp\u00e9riences utilisateurs D\u00e9couvrez ce que les clients disent de nos machines dans les exp\u00e9riences utilisateurs ci-dessous.<\/p>\n","protected":false},"author":1,"featured_media":0,"parent":0,"menu_order":0,"comment_status":"closed","ping_status":"closed","template":"","meta":{"_acf_changed":false,"footnotes":""},"class_list":["post-21040","page","type-page","status-publish","hentry"],"acf":[],"_links":{"self":[{"href":"https:\/\/smartgrader.com\/fr\/wp-json\/wp\/v2\/pages\/21040","targetHints":{"allow":["GET"]}}],"collection":[{"href":"https:\/\/smartgrader.com\/fr\/wp-json\/wp\/v2\/pages"}],"about":[{"href":"https:\/\/smartgrader.com\/fr\/wp-json\/wp\/v2\/types\/page"}],"author":[{"embeddable":true,"href":"https:\/\/smartgrader.com\/fr\/wp-json\/wp\/v2\/users\/1"}],"replies":[{"embeddable":true,"href":"https:\/\/smartgrader.com\/fr\/wp-json\/wp\/v2\/comments?post=21040"}],"version-history":[{"count":7,"href":"https:\/\/smartgrader.com\/fr\/wp-json\/wp\/v2\/pages\/21040\/revisions"}],"predecessor-version":[{"id":21476,"href":"https:\/\/smartgrader.com\/fr\/wp-json\/wp\/v2\/pages\/21040\/revisions\/21476"}],"wp:attachment":[{"href":"https:\/\/smartgrader.com\/fr\/wp-json\/wp\/v2\/media?parent=21040"}],"curies":[{"name":"wp","href":"https:\/\/api.w.org\/{rel}","templated":true}]}}