{"id":21036,"date":"2024-02-08T09:00:12","date_gmt":"2024-02-08T09:00:12","guid":{"rendered":"https:\/\/smartgrader.com\/contact\/"},"modified":"2024-10-24T13:10:12","modified_gmt":"2024-10-24T13:10:12","slug":"contact","status":"publish","type":"page","link":"https:\/\/smartgrader.com\/fr\/contact\/","title":{"rendered":"Contact"},"content":{"rendered":"\n<h2>\n\t\tsmart grader &#8211; GeJo grading services\n\t<\/h2>\n<h1>\n\t\tcontact\n\t<\/h1>\n<h2>\n\t\tDes questions, des commentaires ou un caf\u00e9 ?\n\t<\/h2>\n\t<p>Vous avez des questions, des commentaires ou souhaitez discuter autour d&rsquo;une tasse de caf\u00e9 ? Nous aimerions avoir de vos nouvelles ! N&rsquo;h\u00e9sitez pas \u00e0 nous contacter via le formulaire de contact ci-dessous ou \u00e0 nous appeler.<\/p>\n\t\t\t<a href=\"tel:+31(0)622301963\" target=\"_self\" rel=\"noopener\">\n\t\t\t\t\t\t\tAppelez-nous\n\t\t\t\t\t<\/a>\n\t\t\t\t<img loading=\"lazy\" decoding=\"async\" src=\"https:\/\/smartgrader.com\/wp-content\/uploads\/2024\/04\/231129271-scaled.jpg\" alt=\"231129271\" itemprop=\"image\" height=\"1707\" width=\"2560\" title=\"231129271\" onerror=\"this.style.display='none'\"  \/>\n<h2>\n\t\tContactez-nous maintenant\n\t<\/h2>\n<h3>\n\t\tNous nous tenons \u00e0 votre disposition \n\t<\/h3>\n<h3>\n\t\tAdres\n\t<\/h3>\n\t<strong>Si\u00e8ge social:<br \/>\n<\/strong>Westerpolder 16<br \/>\n9035 VS Dronryp\n<strong>Site Luttelgeest:<br \/>\n<\/strong>Lindeweg 16<br \/>\n8315 RC Luttelgeest\n<h3>\n\t\tContact\n\t<\/h3>\n\t<a href=\"mailto:info@smartgrader.com\">info@smartgrader.com<\/a><br \/>\n<a href=\"tel:+31(0)622301963\">+31(0)622301963<\/a>\n\t\t\t\t<img loading=\"lazy\" decoding=\"async\" src=\"https:\/\/smartgrader.com\/wp-content\/uploads\/2024\/04\/Logo-Smart-Grader.png\" alt=\"Logo Smart Grader\" itemprop=\"image\" height=\"500\" width=\"500\" title=\"Logo Smart Grader\" onerror=\"this.style.display='none'\"  \/>\n\n","protected":false},"excerpt":{"rendered":"<p>smart grader &#8211; GeJo grading services contact Des questions, des commentaires ou un caf\u00e9 ? Vous avez des questions, des commentaires ou souhaitez discuter autour d&rsquo;une tasse de caf\u00e9 ? Nous aimerions avoir de vos nouvelles ! N&rsquo;h\u00e9sitez pas \u00e0 nous contacter via le formulaire de contact ci-dessous ou \u00e0 nous appeler. Appelez-nous Contactez-nous maintenant&hellip;<\/p>\n","protected":false},"author":1,"featured_media":0,"parent":0,"menu_order":0,"comment_status":"closed","ping_status":"closed","template":"","meta":{"_acf_changed":false,"footnotes":""},"class_list":["post-21036","page","type-page","status-publish","hentry"],"acf":[],"_links":{"self":[{"href":"https:\/\/smartgrader.com\/fr\/wp-json\/wp\/v2\/pages\/21036","targetHints":{"allow":["GET"]}}],"collection":[{"href":"https:\/\/smartgrader.com\/fr\/wp-json\/wp\/v2\/pages"}],"about":[{"href":"https:\/\/smartgrader.com\/fr\/wp-json\/wp\/v2\/types\/page"}],"author":[{"embeddable":true,"href":"https:\/\/smartgrader.com\/fr\/wp-json\/wp\/v2\/users\/1"}],"replies":[{"embeddable":true,"href":"https:\/\/smartgrader.com\/fr\/wp-json\/wp\/v2\/comments?post=21036"}],"version-history":[{"count":7,"href":"https:\/\/smartgrader.com\/fr\/wp-json\/wp\/v2\/pages\/21036\/revisions"}],"predecessor-version":[{"id":21516,"href":"https:\/\/smartgrader.com\/fr\/wp-json\/wp\/v2\/pages\/21036\/revisions\/21516"}],"wp:attachment":[{"href":"https:\/\/smartgrader.com\/fr\/wp-json\/wp\/v2\/media?parent=21036"}],"curies":[{"name":"wp","href":"https:\/\/api.w.org\/{rel}","templated":true}]}}