{"id":21098,"date":"2024-03-27T11:27:03","date_gmt":"2024-03-27T11:27:03","guid":{"rendered":"https:\/\/smartgrader.com\/werken-bij\/"},"modified":"2024-05-01T12:47:52","modified_gmt":"2024-05-01T12:47:52","slug":"stellenangebote","status":"publish","type":"page","link":"https:\/\/smartgrader.com\/de\/stellenangebote\/","title":{"rendered":"Stellenangebote"},"content":{"rendered":"\n\n\t<p>Obwohl derzeit keine offenen Stellen zu besetzen sind, sind wir immer offen f\u00fcr talentierte Menschen, die unser Team verst\u00e4rken m\u00f6chten. Schicken Sie Ihren Lebenslauf und Ihre Motivation an info@smartgrader.com mit dem Betreff &#8222;Offene Bewerbung&#8220;. Wer wei\u00df, vielleicht k\u00f6nnen wir ja in Zukunft zusammenarbeiten!<\/p>\n\t\t\t<a href=\"https:\/\/smartgrader.com\/de\/contact\/\" target=\"_self\" rel=\"noopener\">\n\t\t\t\t\t\t\tJetzt kontaktieren\n\t\t\t\t\t<\/a>\n<h3>\n\t\t\u00dcber uns\n\t<\/h3>\n\t<p>GeJo Grading Services ist ein Pionier und Spezialist f\u00fcr die optische Sortierung. Im Jahr 2018 hat GeJo Grading Services die Entwicklung und Produktion des Smart Graders f\u00fcr Kartoffeln \u00fcbernommen. Eine hauseigene Innovation, die daraus entstanden ist, ist der kompakte Smart Grader READER, der 10-kg-Proben in nur 20 Sekunden analysiert.<\/p>\n\n","protected":false},"excerpt":{"rendered":"<p>Obwohl derzeit keine offenen Stellen zu besetzen sind, sind wir immer offen f\u00fcr talentierte Menschen, die unser Team verst\u00e4rken m\u00f6chten. Schicken Sie Ihren Lebenslauf und Ihre Motivation an info@smartgrader.com mit dem Betreff &#8222;Offene Bewerbung&#8220;. Wer wei\u00df, vielleicht k\u00f6nnen wir ja in Zukunft zusammenarbeiten! Jetzt kontaktieren \u00dcber uns GeJo Grading Services ist ein Pionier und Spezialist&hellip;<\/p>\n","protected":false},"author":1,"featured_media":0,"parent":0,"menu_order":0,"comment_status":"closed","ping_status":"closed","template":"","meta":{"_acf_changed":false,"footnotes":""},"class_list":["post-21098","page","type-page","status-publish","hentry"],"acf":[],"_links":{"self":[{"href":"https:\/\/smartgrader.com\/de\/wp-json\/wp\/v2\/pages\/21098","targetHints":{"allow":["GET"]}}],"collection":[{"href":"https:\/\/smartgrader.com\/de\/wp-json\/wp\/v2\/pages"}],"about":[{"href":"https:\/\/smartgrader.com\/de\/wp-json\/wp\/v2\/types\/page"}],"author":[{"embeddable":true,"href":"https:\/\/smartgrader.com\/de\/wp-json\/wp\/v2\/users\/1"}],"replies":[{"embeddable":true,"href":"https:\/\/smartgrader.com\/de\/wp-json\/wp\/v2\/comments?post=21098"}],"version-history":[{"count":3,"href":"https:\/\/smartgrader.com\/de\/wp-json\/wp\/v2\/pages\/21098\/revisions"}],"predecessor-version":[{"id":21272,"href":"https:\/\/smartgrader.com\/de\/wp-json\/wp\/v2\/pages\/21098\/revisions\/21272"}],"wp:attachment":[{"href":"https:\/\/smartgrader.com\/de\/wp-json\/wp\/v2\/media?parent=21098"}],"curies":[{"name":"wp","href":"https:\/\/api.w.org\/{rel}","templated":true}]}}