{"id":21090,"date":"2024-01-22T10:02:06","date_gmt":"2024-01-22T10:02:06","guid":{"rendered":"https:\/\/smartgrader.com\/privacy-policy\/"},"modified":"2024-05-06T07:57:28","modified_gmt":"2024-05-06T07:57:28","slug":"privacy-policy","status":"publish","type":"page","link":"https:\/\/smartgrader.com\/de\/privacy-policy\/","title":{"rendered":"Datenschutzrichtlinie"},"content":{"rendered":"\n<p><strong>Kontakt-Formular<\/strong><\/p>\n\n\n\n<p>Mit dem Kontaktformular kannst du uns Fragen stellen oder darum bitten, kontaktiert zu werden. Zu diesem Zweck verwenden wir deine E-Mail-Adresse.<\/p>\n\n\n\n<p><strong>Mitteilung an andere Unternehmen oder Institutionen<\/strong><\/p>\n\n\n\n<p>Unter keinen Umst\u00e4nden geben wir deine pers\u00f6nlichen Daten an andere Unternehmen oder Institutionen weiter.<\/p>\n\n\n\n<p><strong>Cookies<\/strong><\/p>\n\n\n\n<p>Unsere Website verwendet Cookies. Das sind kleine Dateien, in denen wir Informationen speichern k\u00f6nnen, damit du sie nicht jedes Mal neu ausf\u00fcllen musst. Sie erm\u00f6glichen es uns auch zu sehen, wann du uns wieder besuchst.<br>Wenn du unsere Website zum ersten Mal besuchst, zeigen wir eine Nachricht an, in der wir die Cookies erkl\u00e4ren. Hier bitten wir dich um deine Zustimmung zur Verwendung dieser Cookies.<br>Du kannst Cookies \u00fcber deinen Browser deaktivieren, aber dann funktionieren einige Dinge auf unserer Website nicht mehr richtig.<\/p>\n\n\n\n<p><strong>Google Analytics<\/strong><\/p>\n\n\n\n<p>Wir verwenden Google Analytics, um zu verfolgen, wie Besucher unsere Website nutzen. Wir haben eine Verarbeitungsvereinbarung mit Google abgeschlossen. Diese enth\u00e4lt strenge Vereinbarungen dar\u00fcber, was sie verfolgen d\u00fcrfen. Wir haben Google nicht erlaubt, die von Analytics erhaltenen Informationen f\u00fcr andere Google-Dienste zu nutzen. Wir lassen Google alle IP-Adressen anonymisieren.<\/p>\n\n\n\n<p><strong>Sicherheit<\/strong><\/p>\n\n\n\n<p>Die Sicherheit der pers\u00f6nlichen Daten ist uns sehr wichtig. Wir sorgen daf\u00fcr, dass deine Daten bei uns gut gesichert sind. Wir aktualisieren die Sicherheit st\u00e4ndig und achten genau darauf, was schief gehen kann.<\/p>\n\n\n\n<p><strong>\u00c4nderungen an dieser Datenschutzerkl\u00e4rung<\/strong><\/p>\n\n\n\n<p>Wenn sich unsere Website \u00e4ndert, \u00e4ndern wir m\u00f6glicherweise auch die Datenschutzerkl\u00e4rung. Achte also immer auf das obige Datum und schaue regelm\u00e4\u00dfig nach neuen Versionen. Wir werden unser Bestes tun, um \u00c4nderungen deutlich anzugeben und sie gegebenenfalls auch gesondert anzuk\u00fcndigen.<\/p>\n\n\n\n<p><strong>Einsichtnahme, \u00c4nderung und L\u00f6schung deiner Daten<\/strong><\/p>\n\n\n\n<p>Wenn du Fragen hast oder wissen willst, welche pers\u00f6nlichen Daten wir \u00fcber dich gespeichert haben, kannst du dich jederzeit an uns wenden. Die Kontaktinformationen findest du weiter unten.<br>Du hast die folgenden Rechte:<\/p>\n\n\n\n<p>eine Erkl\u00e4rung dar\u00fcber zu erhalten, welche personenbezogenen Daten wir speichern und was wir damit tun;<\/p>\n\n\n\n<ul class=\"wp-block-list\">\n<li>Zugang zu den genauen personenbezogenen Daten zu bekommen, die wir speichern;<\/li>\n<\/ul>\n\n\n\n<ul class=\"wp-block-list\">\n<li>Fehler korrigieren zu lassen;<\/li>\n<\/ul>\n\n\n\n<ul class=\"wp-block-list\">\n<li>die L\u00f6schung veralteter personenbezogener Daten zu verlangen;<\/li>\n<\/ul>\n\n\n\n<ul class=\"wp-block-list\">\n<li>die Zustimmung zu widerrufen;<\/li>\n<\/ul>\n\n\n\n<ul class=\"wp-block-list\">\n<li>Widerspruch gegen eine bestimmte Verwendung einlegen. Bitte gib immer deutlich an, wer du bist, damit wir sicherstellen k\u00f6nnen, dass wir keine Daten \u00e4ndern oder l\u00f6schen, die der falschen Person geh\u00f6ren.<\/li>\n<\/ul>\n\n\n\n<p><strong>Eine Beschwerde einreichen<\/strong><\/p>\n\n\n\n<p>Wenn du das Gef\u00fchl hast, dass wir dir nicht richtig helfen, hast du das Recht, eine Beschwerde bei der Aufsichtsbeh\u00f6rde, der Beh\u00f6rde f\u00fcr personenbezogene Daten, einzureichen.<\/p>\n\n\n\n<p><strong>Kontaktinformationen<\/strong><\/p>\n\n\n\n<p>Lindeweg 24<br>8315 RD Luttelgeest<\/p>\n\n\n\n<p>Mobil +31(0)622301963<\/p>\n\n\n\n<p><\/p>\n","protected":false},"excerpt":{"rendered":"<p>Kontakt-Formular Mit dem Kontaktformular kannst du uns Fragen stellen oder darum bitten, kontaktiert zu werden. Zu diesem Zweck verwenden wir deine E-Mail-Adresse. Mitteilung an andere Unternehmen oder Institutionen Unter keinen Umst\u00e4nden geben wir deine pers\u00f6nlichen Daten an andere Unternehmen oder Institutionen weiter. Cookies Unsere Website verwendet Cookies. Das sind kleine Dateien, in denen wir Informationen&hellip;<\/p>\n","protected":false},"author":1,"featured_media":0,"parent":0,"menu_order":0,"comment_status":"closed","ping_status":"closed","template":"","meta":{"_acf_changed":false,"footnotes":""},"class_list":["post-21090","page","type-page","status-publish","hentry"],"acf":[],"_links":{"self":[{"href":"https:\/\/smartgrader.com\/de\/wp-json\/wp\/v2\/pages\/21090","targetHints":{"allow":["GET"]}}],"collection":[{"href":"https:\/\/smartgrader.com\/de\/wp-json\/wp\/v2\/pages"}],"about":[{"href":"https:\/\/smartgrader.com\/de\/wp-json\/wp\/v2\/types\/page"}],"author":[{"embeddable":true,"href":"https:\/\/smartgrader.com\/de\/wp-json\/wp\/v2\/users\/1"}],"replies":[{"embeddable":true,"href":"https:\/\/smartgrader.com\/de\/wp-json\/wp\/v2\/comments?post=21090"}],"version-history":[{"count":3,"href":"https:\/\/smartgrader.com\/de\/wp-json\/wp\/v2\/pages\/21090\/revisions"}],"predecessor-version":[{"id":21393,"href":"https:\/\/smartgrader.com\/de\/wp-json\/wp\/v2\/pages\/21090\/revisions\/21393"}],"wp:attachment":[{"href":"https:\/\/smartgrader.com\/de\/wp-json\/wp\/v2\/media?parent=21090"}],"curies":[{"name":"wp","href":"https:\/\/api.w.org\/{rel}","templated":true}]}}