{"id":21085,"date":"2024-02-08T09:00:05","date_gmt":"2024-02-08T09:00:05","guid":{"rendered":"https:\/\/smartgrader.com\/over-ons\/"},"modified":"2024-05-13T11:14:11","modified_gmt":"2024-05-13T11:14:11","slug":"ueber-uns","status":"publish","type":"page","link":"https:\/\/smartgrader.com\/de\/ueber-uns\/","title":{"rendered":"\u00dcber uns"},"content":{"rendered":"\n<h2>\n\t\tSmart Grader | GeJo Grading Services\n\t<\/h2>\n<h1>\n\t\tuber gejo\n\t<\/h1>\n<h2>\n\t\tPionier der optischen Sortierung\n\t<\/h2>\n\t<p>GeJo Grading Services ist der technische und kreative Kopf hinter Smart Grader. Spezialist und Pionier im Bereich der optischen Sortierung.<\/p>\n<p>Die Entwicklung einer optischen Sortiermaschine f\u00fcr Unterlagsmaterialien und Obstb\u00e4ume wurde aus eigener Initiative in Angriff genommen. Die Studien und Testphasen reichen bis ins Jahr 2000 zur\u00fcck. Im Jahr 2018 hat GeJo Grading Services die Entwicklung und Produktion des Smart Graders f\u00fcr Kartoffeln \u00fcbernommen. Eine hauseigene Innovation, die daraus hervorgegangen ist, ist der kompakte Smart Grader Reader, der 10-kg-Proben in nur 20 Sekunden analysiert.<\/p>\n\t\t\t<a href=\"https:\/\/smartgrader.com\/de\/contact\/\" target=\"_self\" rel=\"noopener\">\n\t\t\t\t\t\t\tkontaktieren Sie uns direkt\n\t\t\t\t\t<\/a>\n\t\t\t\t<img loading=\"lazy\" decoding=\"async\" src=\"https:\/\/smartgrader.com\/wp-content\/uploads\/2024\/04\/Schermafbeelding-2024-04-18-112816.png\" alt=\"Sorteren\" itemprop=\"image\" height=\"1079\" width=\"1919\" title=\"Sorteren\" onerror=\"this.style.display='none'\"  \/>\n<h2>\n\t\tWARUM GEJO\n\t<\/h2>\n\t<ul>\n<li>Experten aus Erfahrung<\/li>\n<li>Sprechen die Sprache des Kunden<\/li>\n<li>Praxisorientiert<\/li>\n<li>L\u00f6sungsorientiert<\/li>\n<li>Professionell und kompetent<\/li>\n<li>Immer innovativ<\/li>\n<li>Ein einziger Ansprechpartner<\/li>\n<\/ul>\n\t\t\t\t<img loading=\"lazy\" decoding=\"async\" src=\"https:\/\/smartgrader.com\/wp-content\/uploads\/2024\/04\/231016055.jpg\" alt=\"231016055\" itemprop=\"image\" height=\"683\" width=\"1024\" title=\"231016055\" onerror=\"this.style.display='none'\"  \/>\n<h3>\n\t\tMitarbeiter\n\t<\/h3>\n\t<p>GeJo Grading Services hat ein junges und engagiertes Team von Mitarbeitern, die unsere Smart Grader entwickeln, bauen, testen, vor Ort installieren und warten.<\/p>\n<p>Sie alle sind Profis mit einer Leidenschaft f\u00fcr Technologie.<\/p>\n\t\t\t<a href=\"https:\/\/smartgrader.com\/de\/contact\/\" target=\"_self\" rel=\"noopener\">\n\t\t\t\t\t\t\tkontaktieren Sie uns direkt\n\t\t\t\t\t<\/a>\n<h2>\n\t\tGESCHICHTE\n\t<\/h2>\n\t<p>Die Geschichte von GeJo Grading geht auf das Jahr 2000 zur\u00fcck. In diesem Jahr wurden die ersten Untersuchungen durchgef\u00fchrt und Maschinen gebaut. Nach Jahren der Pionierarbeit und Weiterentwicklung wurde GeJo Grading 2008 offiziell von Gerard Blok und Jos Broeders gegr\u00fcndet. Entstanden aus einem Mangel in der Branche: eine Sortiermaschine zum Sortieren von Unterlagen. Mit dem Wissen, das Jos durch seine Beteiligung an der Entwicklung des Smart Graders hatte, sah er die M\u00f6glichkeit, diese Technik auf das Sortieren von Unterlagen anzuwenden. Und so geschah es: Gerard und Jos entwickelten den f\u00fchrenden optischen Sortierer f\u00fcr eine Vielzahl von Kulturen.<\/p>\n\t\t\t\t<img loading=\"lazy\" decoding=\"async\" src=\"https:\/\/smartgrader.com\/wp-content\/uploads\/2024\/04\/180720676.jpg\" alt=\"GeJo\" itemprop=\"image\" height=\"683\" width=\"1024\" title=\"GeJo\" onerror=\"this.style.display='none'\"  \/>\n\n","protected":false},"excerpt":{"rendered":"<p>Smart Grader | GeJo Grading Services uber gejo Pionier der optischen Sortierung GeJo Grading Services ist der technische und kreative Kopf hinter Smart Grader. Spezialist und Pionier im Bereich der optischen Sortierung. Die Entwicklung einer optischen Sortiermaschine f\u00fcr Unterlagsmaterialien und Obstb\u00e4ume wurde aus eigener Initiative in Angriff genommen. Die Studien und Testphasen reichen bis ins&hellip;<\/p>\n","protected":false},"author":1,"featured_media":0,"parent":0,"menu_order":0,"comment_status":"closed","ping_status":"closed","template":"","meta":{"_acf_changed":false,"footnotes":""},"class_list":["post-21085","page","type-page","status-publish","hentry"],"acf":[],"_links":{"self":[{"href":"https:\/\/smartgrader.com\/de\/wp-json\/wp\/v2\/pages\/21085","targetHints":{"allow":["GET"]}}],"collection":[{"href":"https:\/\/smartgrader.com\/de\/wp-json\/wp\/v2\/pages"}],"about":[{"href":"https:\/\/smartgrader.com\/de\/wp-json\/wp\/v2\/types\/page"}],"author":[{"embeddable":true,"href":"https:\/\/smartgrader.com\/de\/wp-json\/wp\/v2\/users\/1"}],"replies":[{"embeddable":true,"href":"https:\/\/smartgrader.com\/de\/wp-json\/wp\/v2\/comments?post=21085"}],"version-history":[{"count":4,"href":"https:\/\/smartgrader.com\/de\/wp-json\/wp\/v2\/pages\/21085\/revisions"}],"predecessor-version":[{"id":21410,"href":"https:\/\/smartgrader.com\/de\/wp-json\/wp\/v2\/pages\/21085\/revisions\/21410"}],"wp:attachment":[{"href":"https:\/\/smartgrader.com\/de\/wp-json\/wp\/v2\/media?parent=21085"}],"curies":[{"name":"wp","href":"https:\/\/api.w.org\/{rel}","templated":true}]}}