{"id":21080,"date":"2024-02-08T09:00:24","date_gmt":"2024-02-08T09:00:24","guid":{"rendered":"https:\/\/smartgrader.com\/optisch-sorteren\/"},"modified":"2024-05-13T11:20:13","modified_gmt":"2024-05-13T11:20:13","slug":"optische-sortierung","status":"publish","type":"page","link":"https:\/\/smartgrader.com\/de\/optische-sortierung\/","title":{"rendered":"Optische Sortierung"},"content":{"rendered":"\n<h2>\n\t\tOptische Sortierung = Wertsch\u00f6pfung\n\t<\/h2>\n<h1>\n\t\toptisch sortieren\n\t<\/h1>\n<h2>\n\t\tdie genaueste Methode\n\t<\/h2>\n\t<p>M\u00fcssen Sie gro\u00dfe Chargen genau sortieren? Dann w\u00e4hlen Sie eine optische Sortiermaschine. Die Maschine sortiert die Produkte sehr genau nach Durchmesser, L\u00e4nge, Form und nach sichtbaren Fehlern wie Rissen, Beulen, Schorf, Drahtw\u00fcrmer oder Besch\u00e4digungen. Gleichzeitig kann eine optische Sortiermaschine auch Steine und Kluten einwandfrei aus einer Partie aussortieren.<\/p>\n\t\t\t<a href=\"https:\/\/smartgrader.com\/de\/contact\/\" target=\"_self\" rel=\"noopener\">\n\t\t\t\t\t\t\tkontaktieren Sie uns direkt\n\t\t\t\t\t<\/a>\n\t\t\t\t<img loading=\"lazy\" decoding=\"async\" src=\"https:\/\/smartgrader.com\/wp-content\/uploads\/2024\/04\/thumbnail_image001.png\" alt=\"Kwaliteit sorteren\" itemprop=\"image\" height=\"867\" width=\"1480\" title=\"Kwaliteit sorteren\" onerror=\"this.style.display='none'\"  \/>\n\t\t\t\t<img loading=\"lazy\" decoding=\"async\" src=\"https:\/\/smartgrader.com\/wp-content\/uploads\/2024\/04\/231215376.jpg\" alt=\"smart grader EVO sorteren\" itemprop=\"image\" height=\"683\" width=\"1024\" title=\"smart grader EVO sorteren\" onerror=\"this.style.display='none'\"  \/>\n<h3>\n\t\twarum sortieren?\n\t<\/h3>\n\t<p>Richtiges Sortieren ist wichtig. Schlie\u00dflich bringt ein besser sortiertes Produkt einen <strong>h\u00f6heren Preis<\/strong>. Dies beginnt bereits bei der Lagerung. Indem so viele Steine, Klumpen und besch\u00e4digte Knollen wie m\u00f6glich aus dem Produktstrom entfernt werden, gelangt das Produkt mit der h\u00f6chstm\u00f6glichen Qualit\u00e4t ins Lager und die Ausbreitung von Krankheiten wird verhindert.<\/p>\n<p>Auch die Sortierung spielt beim Auslagern eine entscheidende Rolle. Denn die K\u00e4ufer wollen Klarheit dar\u00fcber, was sie erhalten. Eine sorgf\u00e4ltige Sortierung nach Qualit\u00e4t und Gr\u00f6\u00dfe kann zu einem besseren Verkaufspreis und weniger Verlusten durch Tara f\u00fchren.<\/p>\n\t\t\t<a href=\"https:\/\/smartgrader.com\/de\/contact\/\" target=\"_self\" rel=\"noopener\">\n\t\t\t\t\t\t\tkontaktieren Sie uns direkt\n\t\t\t\t\t<\/a>\n<h2>\n\t\tFERNUNTERST\u00dcTZUNG UND -\u00dcBERWACHUNG\n\t<\/h2>\n\t<p>Ein optischer Sortierer zeichnet Ihren Sortiervorgang genau auf. Einsicht in die Sortierergebnisse ist dank der Internetverbindung zu jeder Tageszeit m\u00f6glich.<\/p>\n<strong>Unterst\u00fctzung<\/strong><br \/>\nSmart-Grader-Benutzer? Dann k\u00f6nnen wir aus der Ferne beobachten, beraten und bei der Optimierung der Einstellungen helfen. Auf diese Weise bieten wir unseren Kunden zus\u00e4tzliche Unterst\u00fctzung.\n\t\t\t\t<img loading=\"lazy\" decoding=\"async\" src=\"https:\/\/smartgrader.com\/wp-content\/uploads\/2024\/02\/smartgrader-optischsorteren-5.jpeg\" alt=\"smartgrader-optischsorteren-5\" itemprop=\"image\" height=\"1280\" width=\"1920\" title=\"smartgrader-optischsorteren-5\" onerror=\"this.style.display='none'\"  \/>\n\n","protected":false},"excerpt":{"rendered":"<p>Optische Sortierung = Wertsch\u00f6pfung optisch sortieren die genaueste Methode M\u00fcssen Sie gro\u00dfe Chargen genau sortieren? Dann w\u00e4hlen Sie eine optische Sortiermaschine. Die Maschine sortiert die Produkte sehr genau nach Durchmesser, L\u00e4nge, Form und nach sichtbaren Fehlern wie Rissen, Beulen, Schorf, Drahtw\u00fcrmer oder Besch\u00e4digungen. Gleichzeitig kann eine optische Sortiermaschine auch Steine und Kluten einwandfrei aus einer&hellip;<\/p>\n","protected":false},"author":1,"featured_media":0,"parent":0,"menu_order":0,"comment_status":"closed","ping_status":"closed","template":"","meta":{"_acf_changed":false,"footnotes":""},"class_list":["post-21080","page","type-page","status-publish","hentry"],"acf":[],"_links":{"self":[{"href":"https:\/\/smartgrader.com\/de\/wp-json\/wp\/v2\/pages\/21080","targetHints":{"allow":["GET"]}}],"collection":[{"href":"https:\/\/smartgrader.com\/de\/wp-json\/wp\/v2\/pages"}],"about":[{"href":"https:\/\/smartgrader.com\/de\/wp-json\/wp\/v2\/types\/page"}],"author":[{"embeddable":true,"href":"https:\/\/smartgrader.com\/de\/wp-json\/wp\/v2\/users\/1"}],"replies":[{"embeddable":true,"href":"https:\/\/smartgrader.com\/de\/wp-json\/wp\/v2\/comments?post=21080"}],"version-history":[{"count":6,"href":"https:\/\/smartgrader.com\/de\/wp-json\/wp\/v2\/pages\/21080\/revisions"}],"predecessor-version":[{"id":21412,"href":"https:\/\/smartgrader.com\/de\/wp-json\/wp\/v2\/pages\/21080\/revisions\/21412"}],"wp:attachment":[{"href":"https:\/\/smartgrader.com\/de\/wp-json\/wp\/v2\/media?parent=21080"}],"curies":[{"name":"wp","href":"https:\/\/api.w.org\/{rel}","templated":true}]}}