{"id":21076,"date":"2024-02-08T09:01:23","date_gmt":"2024-02-08T09:01:23","guid":{"rendered":"https:\/\/smartgrader.com\/oplossingen\/registreren\/"},"modified":"2024-10-24T12:40:55","modified_gmt":"2024-10-24T12:40:55","slug":"registrieren","status":"publish","type":"page","link":"https:\/\/smartgrader.com\/de\/loesungen\/registrieren\/","title":{"rendered":"Registrieren"},"content":{"rendered":"\n<h2>\n\t\tGenaue und schnelle Registrierung\n\t<\/h2>\n<h1>\n\t\tSmart Grader reader\n\t<\/h1>\n<h2>\n\t\tMessen = wissen!\n\t<\/h2>\n\t<p>Noch nie war es so einfach, Proben zu nehmen. Der Smart Grader Reader ist unsere Erfassungsmaschine f\u00fcr die einfache und blitzschnelle Probenahme von Kartoffeln, Zwiebeln und anderen Produkten.<\/p>\n<p>Die Bedienung ist einfach. Sie leeren eine Probenkiste in den Trichter, die Kartoffeln werden von der Kamera gelesen, die dann die H\u00f6he, L\u00e4nge und Breite misst. Anhand dieser Daten errechnet das Leseger\u00e4t die Quadratgr\u00f6\u00dfe und das Gewicht. Und das innerhalb von Sekunden!<\/p>\n\t\t\t\t<img loading=\"lazy\" decoding=\"async\" src=\"https:\/\/smartgrader.com\/wp-content\/uploads\/2024\/02\/SG-Reader-230201072.jpg\" alt=\"SG-Reader-230201072\" itemprop=\"image\" height=\"683\" width=\"1024\" title=\"SG-Reader-230201072\" onerror=\"this.style.display='none'\"  \/>\n<h2>\n\t\tKOMPAKT UND MOBIL\n\t<\/h2>\n\t<p>Die Registriermaschine ist so kompakt, dass sie leicht zu transportieren ist und \u00fcberall eingesetzt werden kann, sogar im Feld zur Analyse von Testproben.<\/p>\n\t\t\t\t<img loading=\"lazy\" decoding=\"async\" src=\"https:\/\/smartgrader.com\/wp-content\/uploads\/2024\/02\/SG-Reader-230829022.jpg\" alt=\"SG-Reader-230829022\" itemprop=\"image\" height=\"683\" width=\"1024\" title=\"SG-Reader-230829022\" onerror=\"this.style.display='none'\"  \/>\n<h2>\n\t\tMESSERGEBNISSE DIREKT SICHTBAR\n\t<\/h2>\n\t<p>Die Messergebnisse erscheinen direkt auf dem Bildschirm des Smartphones oder Laptops und k\u00f6nnen so einfach gespeichert oder weitergegeben werden.<\/p>\n\t\t\t<a href=\"https:\/\/smartgrader.com\/de\/contact\/\" target=\"_self\" rel=\"noopener\">\n\t\t\t\t\t\t\tjetzt kontaktieren\n\t\t\t\t\t<\/a>\n<h2>\n\t\tDAS RICHTIGE LESEGER\u00c4T F\u00dcR JEDE SITUATION\n\t<\/h2>\n\t<p>Der Smart Grader Reader ist in mehreren Versionen erh\u00e4ltlich. Dazu geh\u00f6ren eine Version auf einem Fahrgestell mit elektronischer Waage, eine Variante mit Riemenbett Zufuhr und mit Unterwassergewichtsmessung.<\/p>\n<p>Aber es gibt noch mehr Optionen. Fragen Sie uns oder laden Sie die Optionsliste am Ende dieser Seite herunter.<\/p>\n\t\t\t\t<img loading=\"lazy\" decoding=\"async\" src=\"https:\/\/smartgrader.com\/wp-content\/uploads\/2024\/04\/Schermafdruk-2021-10-24-18.06.01-scaled.jpg\" alt=\"Aardappels registreren\" itemprop=\"image\" height=\"1440\" width=\"2560\" title=\"aardappel registreren\" onerror=\"this.style.display='none'\"  \/>\n<h2>\n\t\tFAKTEN AUF EINEN BLICK\n\t<\/h2>\n\t<ul>\n<li>Einfache Bedienung auf Smartphone, Tablet oder Laptop<\/li>\n<li>In verschiedenen Ausf\u00fchrungen erh\u00e4ltlich<br \/>\nW\u00e4gemodul mit Waage optional<\/li>\n<li>Optionen f\u00fcr die Registrierung\n<ul>\n<li>Quadratma\u00df<\/li>\n<li>L\u00e4nge<\/li>\n<li>Berechnetes Gewicht<\/li>\n<li>Anzahl<\/li>\n<li>Volumen<\/li>\n<\/ul>\n<\/li>\n<li>Arbeitsersparnis<\/li>\n<\/ul>\n\t\t\t\t<img loading=\"lazy\" decoding=\"async\" src=\"https:\/\/smartgrader.com\/wp-content\/uploads\/2024\/02\/smartgrader-reader-6.jpeg\" alt=\"smartgrader-reader-6\" itemprop=\"image\" height=\"1365\" width=\"2048\" title=\"smartgrader-reader-6\" onerror=\"this.style.display='none'\"  \/>\n<h3>\n\t\tBENUTZERERFAHRUNGEN\n\t<\/h3>\n\t<p>Wie funktioniert der Smart Grader Reader? Sie k\u00f6nnen es in den Videos unten sehen.<\/p>\n\t<iframe loading=\"lazy\" title=\"Smart Grader Reader Jensma testimonial\" width=\"500\" height=\"281\" src=\"https:\/\/www.youtube.com\/embed\/dgTXvEZPSzM?start=1&#038;feature=oembed\" frameborder=\"0\" allow=\"accelerometer; autoplay; clipboard-write; encrypted-media; gyroscope; picture-in-picture; web-share\" referrerpolicy=\"strict-origin-when-cross-origin\" allowfullscreen><\/iframe>\n\t<p>Smart Grader Reader 3.0 Jensma testimonial NL<\/p>\n\t<iframe loading=\"lazy\" title=\"Smart Grader Reader 3.0\" width=\"500\" height=\"281\" src=\"https:\/\/www.youtube.com\/embed\/sPaie-7Mo6Y?start=2&#038;feature=oembed\" frameborder=\"0\" allow=\"accelerometer; autoplay; clipboard-write; encrypted-media; gyroscope; picture-in-picture; web-share\" referrerpolicy=\"strict-origin-when-cross-origin\" allowfullscreen><\/iframe>\n\t<p>Smart Grader Reader 3.0<\/p>\n<h3>\n\t\tOPTIONENLISTE\n\t<\/h3>\n<h3>\n\t\tOptionsliste f\u00fcr Smart Grader-Leser herunterladen\n\t<\/h3>\n\t<p>Der Smart Grader Reader ist ein ma\u00dfgeschneidertes Ger\u00e4t. Die Liste der Optionen ist umfangreich und erm\u00f6glicht es Ihnen, den Reader genau nach Ihren W\u00fcnschen zu konfigurieren.<\/p>\n\t\t\t\t<img loading=\"lazy\" decoding=\"async\" src=\"https:\/\/smartgrader.com\/wp-content\/uploads\/2024\/02\/optielijst-mockup-smartgrader-reader-web.png\" alt=\"optielijst-mockup-smartgrader-reader-web\" itemprop=\"image\" height=\"617\" width=\"800\" title=\"optielijst-mockup-smartgrader-reader-web\" onerror=\"this.style.display='none'\"  \/>\n\n","protected":false},"excerpt":{"rendered":"<p>Genaue und schnelle Registrierung Smart Grader reader Messen = wissen! Noch nie war es so einfach, Proben zu nehmen. Der Smart Grader Reader ist unsere Erfassungsmaschine f\u00fcr die einfache und blitzschnelle Probenahme von Kartoffeln, Zwiebeln und anderen Produkten. Die Bedienung ist einfach. Sie leeren eine Probenkiste in den Trichter, die Kartoffeln werden von der Kamera&hellip;<\/p>\n","protected":false},"author":1,"featured_media":0,"parent":21054,"menu_order":0,"comment_status":"closed","ping_status":"closed","template":"","meta":{"_acf_changed":false,"footnotes":""},"class_list":["post-21076","page","type-page","status-publish","hentry"],"acf":[],"_links":{"self":[{"href":"https:\/\/smartgrader.com\/de\/wp-json\/wp\/v2\/pages\/21076","targetHints":{"allow":["GET"]}}],"collection":[{"href":"https:\/\/smartgrader.com\/de\/wp-json\/wp\/v2\/pages"}],"about":[{"href":"https:\/\/smartgrader.com\/de\/wp-json\/wp\/v2\/types\/page"}],"author":[{"embeddable":true,"href":"https:\/\/smartgrader.com\/de\/wp-json\/wp\/v2\/users\/1"}],"replies":[{"embeddable":true,"href":"https:\/\/smartgrader.com\/de\/wp-json\/wp\/v2\/comments?post=21076"}],"version-history":[{"count":6,"href":"https:\/\/smartgrader.com\/de\/wp-json\/wp\/v2\/pages\/21076\/revisions"}],"predecessor-version":[{"id":21586,"href":"https:\/\/smartgrader.com\/de\/wp-json\/wp\/v2\/pages\/21076\/revisions\/21586"}],"up":[{"embeddable":true,"href":"https:\/\/smartgrader.com\/de\/wp-json\/wp\/v2\/pages\/21054"}],"wp:attachment":[{"href":"https:\/\/smartgrader.com\/de\/wp-json\/wp\/v2\/media?parent=21076"}],"curies":[{"name":"wp","href":"https:\/\/api.w.org\/{rel}","templated":true}]}}