{"id":21071,"date":"2024-04-16T12:29:46","date_gmt":"2024-04-16T12:29:46","guid":{"rendered":"https:\/\/smartgrader.com\/oplossingen\/onderwater-wegen\/"},"modified":"2024-05-13T11:13:03","modified_gmt":"2024-05-13T11:13:03","slug":"unterwasser-strassen","status":"publish","type":"page","link":"https:\/\/smartgrader.com\/de\/loesungen\/unterwasser-strassen\/","title":{"rendered":"Unterwasser-Stra\u00dfen"},"content":{"rendered":"\n<h2>\n\t\tSmart Grader Reader S zur genauen Bestimmung des St\u00e4rkegehalts\n\t<\/h2>\n<h1>\n\t\tSmart Grader reader S\n\t<\/h1>\n<h2>\n\t\tschnelle und genaue Bestimmung des St\u00e4rkegehalts\n\t<\/h2>\n\t<p>Beim Smart Grader Reader S handelt es sich um ein Unterwasserw\u00e4gemodul, das einfach an den Smart Grader Reader angeschlossen werden kann. Damit k\u00f6nnen Sie neben der Probenahme auch den St\u00e4rkegehalt schnell und genau bestimmen.<\/p>\n<p>Auch f\u00fcr Zwiebeln geeignet, um das Trockengewicht zu wiegen.<\/p>\n\t\t\t\t<img loading=\"lazy\" decoding=\"async\" src=\"https:\/\/smartgrader.com\/wp-content\/uploads\/2024\/04\/220614111-scaled.jpg\" alt=\"Aardappels registreren\" itemprop=\"image\" height=\"1707\" width=\"2560\" title=\"Reader S\" onerror=\"this.style.display='none'\"  \/>\n<h2>\n\t\tbestimmt TROCKEN UND UNTERWASSER Gewicht\n\t<\/h2>\n\t<p>Innerhalb einer Minute wird ein umfassender Bericht erstellt, der alle Daten f\u00fcr jede einzelne Knolle enth\u00e4lt.<\/p>\n\t\t\t\t<img loading=\"lazy\" decoding=\"async\" src=\"https:\/\/smartgrader.com\/wp-content\/uploads\/2024\/04\/220614060.jpg\" alt=\"Aardappels registreren\" itemprop=\"image\" height=\"683\" width=\"1024\" title=\"Aardappels registreren\" onerror=\"this.style.display='none'\"  \/>\n<h2>\n\t\tumfassende Analyse\n\t<\/h2>\n\t<p>Die Kamera analysiert die Kartoffeln und bestimmt sehr genau die Abmessungen, das Volumen, die Quadratma\u00df und das Gewicht.<\/p>\n<strong>Wiegen<\/strong><br \/>\nDie Kartoffeln werden zun\u00e4chst trocken gewogen, dann erfolgt eine Unterwasserw\u00e4gung, mit der der St\u00e4rkegehalt bestimmt wird.\n\t\t\t<a href=\"https:\/\/smartgrader.com\/de\/contact\/\" target=\"_self\" rel=\"noopener\">\n\t\t\t\t\t\t\tjetzt kontaktieren\n\t\t\t\t\t<\/a>\n<h3>\n\t\tSehen Sie sich die Funktionsweise des SMART GRADER Reader S HIER an\n\t<\/h3>\n\t<iframe loading=\"lazy\" title=\"Smart Grader Reader S\" width=\"500\" height=\"281\" src=\"https:\/\/www.youtube.com\/embed\/BvHPq13yEb8?feature=oembed\" frameborder=\"0\" allow=\"accelerometer; autoplay; clipboard-write; encrypted-media; gyroscope; picture-in-picture; web-share\" referrerpolicy=\"strict-origin-when-cross-origin\" allowfullscreen><\/iframe>\n<h3>\n\t\tFAKTEN AUF EINEN BLICK\n\t<\/h3>\n\t<ul>\n<li>Einfache Bedienung \u00fcber Smartphone, Tablet oder Laptop<\/li>\n<li>Optionen zum Wiegen\n<ul>\n<li>Berechnetes Gewicht<\/li>\n<li>Unterwasser-Gewicht<\/li>\n<li>Trockengewicht<\/li>\n<\/ul>\n<\/li>\n<li>Optionen f\u00fcr die Aufzeichnung\n<ul>\n<li>Quadratma\u00df<\/li>\n<li>Volumen<\/li>\n<li>L\u00e4nge<\/li>\n<li>Anzahl<\/li>\n<li>St\u00e4rkegehalt<\/li>\n<\/ul>\n<\/li>\n<\/ul>\n\t\t\t\t<img loading=\"lazy\" decoding=\"async\" src=\"https:\/\/smartgrader.com\/wp-content\/uploads\/2024\/02\/smartgrader-reader-6.jpeg\" alt=\"smartgrader-reader-6\" itemprop=\"image\" height=\"1365\" width=\"2048\" title=\"smartgrader-reader-6\" onerror=\"this.style.display='none'\"  \/>\n\n","protected":false},"excerpt":{"rendered":"<p>Smart Grader Reader S zur genauen Bestimmung des St\u00e4rkegehalts Smart Grader reader S schnelle und genaue Bestimmung des St\u00e4rkegehalts Beim Smart Grader Reader S handelt es sich um ein Unterwasserw\u00e4gemodul, das einfach an den Smart Grader Reader angeschlossen werden kann. Damit k\u00f6nnen Sie neben der Probenahme auch den St\u00e4rkegehalt schnell und genau bestimmen. Auch f\u00fcr&hellip;<\/p>\n","protected":false},"author":1,"featured_media":0,"parent":21054,"menu_order":0,"comment_status":"closed","ping_status":"closed","template":"","meta":{"_acf_changed":false,"footnotes":""},"class_list":["post-21071","page","type-page","status-publish","hentry"],"acf":[],"_links":{"self":[{"href":"https:\/\/smartgrader.com\/de\/wp-json\/wp\/v2\/pages\/21071","targetHints":{"allow":["GET"]}}],"collection":[{"href":"https:\/\/smartgrader.com\/de\/wp-json\/wp\/v2\/pages"}],"about":[{"href":"https:\/\/smartgrader.com\/de\/wp-json\/wp\/v2\/types\/page"}],"author":[{"embeddable":true,"href":"https:\/\/smartgrader.com\/de\/wp-json\/wp\/v2\/users\/1"}],"replies":[{"embeddable":true,"href":"https:\/\/smartgrader.com\/de\/wp-json\/wp\/v2\/comments?post=21071"}],"version-history":[{"count":4,"href":"https:\/\/smartgrader.com\/de\/wp-json\/wp\/v2\/pages\/21071\/revisions"}],"predecessor-version":[{"id":21409,"href":"https:\/\/smartgrader.com\/de\/wp-json\/wp\/v2\/pages\/21071\/revisions\/21409"}],"up":[{"embeddable":true,"href":"https:\/\/smartgrader.com\/de\/wp-json\/wp\/v2\/pages\/21054"}],"wp:attachment":[{"href":"https:\/\/smartgrader.com\/de\/wp-json\/wp\/v2\/media?parent=21071"}],"curies":[{"name":"wp","href":"https:\/\/api.w.org\/{rel}","templated":true}]}}