{"id":21065,"date":"2024-02-08T09:00:31","date_gmt":"2024-02-08T09:00:31","guid":{"rendered":"https:\/\/smartgrader.com\/oplossingen\/maat-en-kwaliteit-sorteren\/"},"modified":"2024-05-13T10:57:34","modified_gmt":"2024-05-13T10:57:34","slug":"sortierung-nach-groesse-und-qualitaet","status":"publish","type":"page","link":"https:\/\/smartgrader.com\/de\/loesungen\/sortierung-nach-groesse-und-qualitaet\/","title":{"rendered":"Sortierung nach Gr\u00f6\u00dfe und Qualit\u00e4t"},"content":{"rendered":"\n<h2>\n\t\tAutonome, optische Sortierung mit dem smart grader evo\n\t<\/h2>\n<h1>\n\t\tSmart Grader Evo\n\t<\/h1>\n<h2>\n\t\tEFFEKTIV UND PRODUKTFREUNDLICH\n\t<\/h2>\n\t<p>Der Smart Grader EVO wird haupts\u00e4chlich zum Sortieren von Kartoffeln eingesetzt, eignet sich aber auch hervorragend f\u00fcr Schalotten, Zwiebeln und S\u00fc\u00dfkartoffeln.<\/p>\n<p>Der Produktstrom wird \u00fcber eine vibrierende Rinne vereinzelt, wodurch das Produkt einzeln \u00fcber die Walzen l\u00e4uft. Dank der rollenden Bewegung wird jedes Produkt von den hochaufl\u00f6senden Kameras, deren Kriterien einfach eingestellt werden k\u00f6nnen, genau bewertet.<\/p>\n<p>Selbst Drahtw\u00fcrmer, Schorf und Beulen werden zielsicher erkannt. Je nach Form oder Qualit\u00e4tsmerkmalen werden die Produkte zum richtigen Ausgang des Bandes bef\u00f6rdert; sehr effektiv und produktschonend.<\/p>\n\t\t\t\t<img loading=\"lazy\" decoding=\"async\" src=\"https:\/\/smartgrader.com\/wp-content\/uploads\/2024\/02\/Smart-Grader-EVO-231129135.jpg\" alt=\"Smart-Grader-EVO-231129135\" itemprop=\"image\" height=\"1280\" width=\"1920\" title=\"Smart-Grader-EVO-231129135\" onerror=\"this.style.display='none'\"  \/>\n\t\t\t\t<img loading=\"lazy\" decoding=\"async\" src=\"https:\/\/smartgrader.com\/wp-content\/uploads\/2024\/04\/200305036.jpg\" alt=\"Maat en kwaliteit sorteren sg evo\" itemprop=\"image\" height=\"683\" width=\"1024\" title=\"Maat en kwaliteit sorteren sg evo\" onerror=\"this.style.display='none'\"  \/>\n<h2>\n\t\tModulare Erweiterung\n\t<\/h2>\n\t<p>Der Smart Grader EVO ist mit zwei, vier, acht oder 12 Spuren erh\u00e4ltlich. Jeder Typ des Smart Grader EVO kann leicht miteinander verbunden werden. Diese modulare Option erm\u00f6glicht es, die Kapazit\u00e4t zu erh\u00f6hen.<\/p>\n<h3>\n\t\tIndividuelle Beratung?\n\t<\/h3>\n\t\t\t<a href=\"https:\/\/smartgrader.com\/de\/contact\/\" target=\"_self\" rel=\"noopener\">\n\t\t\t\t\t\t\tJetzt kontaktieren\n\t\t\t\t\t<\/a>\n<h2>\n\t\tGLEICHE PR\u00c4ZISION 24\/7\n\t<\/h2>\n\t<p>Der Smart Grader EVO sortiert genauer als das menschliche Auge, ist unerm\u00fcdlich und arbeitet rund um die Uhr mit der gleichen Pr\u00e4zision.<\/p>\n<p>Au\u00dferdem werden alle Sortierinformationen pro Partie gespeichert, sodass Sie genau wissen, was Sie liefern, und der K\u00e4ufer genau wei\u00df, was er erh\u00e4lt.<\/p>\n\t\t\t\t<img loading=\"lazy\" decoding=\"async\" src=\"https:\/\/smartgrader.com\/wp-content\/uploads\/2024\/04\/thumbnail_image001.png\" alt=\"Kwaliteit sorteren\" itemprop=\"image\" height=\"867\" width=\"1480\" title=\"Kwaliteit sorteren\" onerror=\"this.style.display='none'\"  \/>\n<h2>\n\t\tGeJo bietet Komplettl\u00f6sungen!\n\t<\/h2>\n\t<p>GeJo Grading entwickelt ma\u00dfgeschneiderte Sortierl\u00f6sungen. Die Sortieranlagen werden in enger Absprache mit dem Kunden konzipiert und auf die jeweiligen Gegebenheiten abgestimmt. Bei Bedarf ziehen wir auch andere Maschinenbauer hinzu, um sicherzustellen, dass alle Komponenten richtig aufeinander abgestimmt sind und die optimale Kapazit\u00e4t erreicht werden kann.<\/p>\n<p>Letztendlich tragen alle Glieder des Sortierprozesses zum Erfolg Ihrer Sortieranlage bei! Und wir denken gerne mit Ihnen mit.<\/p>\n<h3>\n\t\tMa\u00dfgeschneiderte Beratung? \n\t<\/h3>\n\t\t\t<a href=\"https:\/\/smartgrader.com\/de\/contact\/\" target=\"_self\" rel=\"noopener\">\n\t\t\t\t\t\t\tJetzt kontaktieren\n\t\t\t\t\t<\/a>\n<h2>\n\t\tDEN SMART GRADER EVO ERLEBEN\n\t<\/h2>\n\t<p>Inzwischen wird der Smart Grader bereits von vielen Unternehmen eingesetzt und hat sich seit mehr als 15 Jahren bew\u00e4hrt.<\/p>\n<p>M\u00f6chten Sie sich selbst von den Ergebnissen \u00fcberzeugen? Nehmen Sie Kontakt mit uns auf, und wir bringen Sie mit einem Smart Grader-Anwender in Ihrer N\u00e4he in Verbindung.<\/p>\n\t\t\t\t<img loading=\"lazy\" decoding=\"async\" src=\"https:\/\/smartgrader.com\/wp-content\/uploads\/2024\/04\/Kaart-met-Smart-Graders.png\" alt=\"Kaart met Smart Graders\" itemprop=\"image\" height=\"1080\" width=\"1920\" title=\"Kaart met Smart Graders\" onerror=\"this.style.display='none'\"  \/>\n<h2>\n\t\tDie Fakten auf einen Blick\n\t<\/h2>\n\t<ul>\n<li>Gr\u00f6\u00dfe und Qualit\u00e4t<\/li>\n<li>Autonomes Wenden<\/li>\n<li>1 Tonne\/Stunde pro Spur bei einem durchschnittlichen Knollengewicht von 100 Gramm<\/li>\n<li>Modulare Spuren\/ Ausg\u00e4nge<\/li>\n<li>Aufschlussreiche Daten<\/li>\n<li>Nachgewiesene Effizienz<\/li>\n<\/ul>\n\t\t\t\t<img loading=\"lazy\" decoding=\"async\" src=\"https:\/\/smartgrader.com\/wp-content\/uploads\/2024\/04\/220524042.jpg\" alt=\"Maat en kwaliteit sorteren sg evo\" itemprop=\"image\" height=\"683\" width=\"1024\" title=\"Maat en kwaliteit sorteren sg evo\" onerror=\"this.style.display='none'\"  \/>\n<h2>\n\t\tBENUTZERERFAHRUNGEN\n\t<\/h2>\n\t<p>Lesen Sie, was Kunden \u00fcber unseren Smart Grader EVO sagen, in den nachstehenden Anwenderberichten.<\/p>\n\n","protected":false},"excerpt":{"rendered":"<p>Autonome, optische Sortierung mit dem smart grader evo Smart Grader Evo EFFEKTIV UND PRODUKTFREUNDLICH Der Smart Grader EVO wird haupts\u00e4chlich zum Sortieren von Kartoffeln eingesetzt, eignet sich aber auch hervorragend f\u00fcr Schalotten, Zwiebeln und S\u00fc\u00dfkartoffeln. Der Produktstrom wird \u00fcber eine vibrierende Rinne vereinzelt, wodurch das Produkt einzeln \u00fcber die Walzen l\u00e4uft. Dank der rollenden Bewegung&hellip;<\/p>\n","protected":false},"author":1,"featured_media":0,"parent":21054,"menu_order":0,"comment_status":"closed","ping_status":"closed","template":"","meta":{"_acf_changed":false,"footnotes":""},"class_list":["post-21065","page","type-page","status-publish","hentry"],"acf":[],"_links":{"self":[{"href":"https:\/\/smartgrader.com\/de\/wp-json\/wp\/v2\/pages\/21065","targetHints":{"allow":["GET"]}}],"collection":[{"href":"https:\/\/smartgrader.com\/de\/wp-json\/wp\/v2\/pages"}],"about":[{"href":"https:\/\/smartgrader.com\/de\/wp-json\/wp\/v2\/types\/page"}],"author":[{"embeddable":true,"href":"https:\/\/smartgrader.com\/de\/wp-json\/wp\/v2\/users\/1"}],"replies":[{"embeddable":true,"href":"https:\/\/smartgrader.com\/de\/wp-json\/wp\/v2\/comments?post=21065"}],"version-history":[{"count":4,"href":"https:\/\/smartgrader.com\/de\/wp-json\/wp\/v2\/pages\/21065\/revisions"}],"predecessor-version":[{"id":21405,"href":"https:\/\/smartgrader.com\/de\/wp-json\/wp\/v2\/pages\/21065\/revisions\/21405"}],"up":[{"embeddable":true,"href":"https:\/\/smartgrader.com\/de\/wp-json\/wp\/v2\/pages\/21054"}],"wp:attachment":[{"href":"https:\/\/smartgrader.com\/de\/wp-json\/wp\/v2\/media?parent=21065"}],"curies":[{"name":"wp","href":"https:\/\/api.w.org\/{rel}","templated":true}]}}