{"id":21060,"date":"2024-02-08T09:00:41","date_gmt":"2024-02-08T09:00:41","guid":{"rendered":"https:\/\/smartgrader.com\/oplossingen\/bomen-en-planten-sorteren\/"},"modified":"2024-05-13T11:01:22","modified_gmt":"2024-05-13T11:01:22","slug":"sortieren-von-baeumen-und-pflanzen","status":"publish","type":"page","link":"https:\/\/smartgrader.com\/de\/loesungen\/sortieren-von-baeumen-und-pflanzen\/","title":{"rendered":"Sortieren von B\u00e4umen und Pflanzen"},"content":{"rendered":"\n<h2>\n\t\tSmart Grader f\u00fcr unterlagen, FORSTWIRTSCHAFT UND HECKENPFLANZEN\n\t<\/h2>\n<h1>\n\t\tSmart Grader Tree \n\t<\/h1>\n<h2>\n\t\tAUTOMATISCH UND PR\u00c4ZISE\n\t<\/h2>\n\t<p>Der Smart Grader Tree wurde speziell f\u00fcr die Sortierung von Unterlagen, Forst- und Heckenpflanzen entwickelt.<\/p>\n<p>Das Produkt wird manuell auf das Band gelegt, wo es von speziellen Kameras analysiert und klassifiziert wird. Auf der Grundlage dieser Ergebnisse wird das Produkt in das richtige Sortierfach abgelegt.<\/p>\n<p>Die spezielle TrueSortTM-Software unseres Kooperationspartners Ellips gew\u00e4hrleistet eine Sortiergenauigkeit von 0,1 mm.<\/p>\n\t\t\t\t<img loading=\"lazy\" decoding=\"async\" src=\"https:\/\/smartgrader.com\/wp-content\/uploads\/2024\/04\/240131177.jpg\" alt=\"Smart Grader Bomen en planten sorteren\" itemprop=\"image\" height=\"683\" width=\"1024\" title=\"tree grader\" onerror=\"this.style.display='none'\"  \/>\n\n\t\t\t\t<img loading=\"lazy\" decoding=\"async\" src=\"https:\/\/smartgrader.com\/wp-content\/uploads\/2024\/04\/240131115.jpg\" alt=\"Smart Grader Bomen en planten sorteren\" itemprop=\"image\" height=\"767\" width=\"1024\" title=\"tree grader\" onerror=\"this.style.display='none'\"  \/>\n<h2>\n\t\tUnterlagen, Forst- und Heckenpflanzen\n\t<\/h2>\n\t<p>Der Smart Grader Tree wird von Z\u00fcchtern von Unterlagen, Forst- und Heckenpflanzen verwendet, die ihre Produkte mit gr\u00f6\u00dftm\u00f6glicher Pr\u00e4zision optisch sortieren wollen.<\/p>\n<p>Fragen Sie sich, was wir f\u00fcr Sie tun k\u00f6nnen? Nehmen Sie Kontakt mit uns auf.<\/p>\n\t\t\t<a href=\"https:\/\/smartgrader.com\/de\/contact\/\" target=\"_self\" rel=\"noopener\">\n\t\t\t\t\t\t\tjetzt kontaktieren\n\t\t\t\t\t<\/a>\n<h2>\n\t\tFACTS auf einen Blick\n\t<\/h2>\n\t<ul>\n<li>Sortieroptionen\n<ul>\n<li>Durchmesser des Wurzelhalses<\/li>\n<li>Durchmesser des Pfropfens<\/li>\n<li>L\u00e4nge<\/li>\n<\/ul>\n<\/li>\n<li>Einfache Bedienung<\/li>\n<li>Ca. 1600 Pflanzen pro Stunde und Person<\/li>\n<li>Vorzeigbarer Ertrag<\/li>\n<\/ul>\n\t\t\t\t<img loading=\"lazy\" decoding=\"async\" src=\"https:\/\/smartgrader.com\/wp-content\/uploads\/2024\/04\/sc-onderstam.png\" alt=\"Bomen sorteren sg tree grader\" itemprop=\"image\" height=\"942\" width=\"1407\" title=\"sc onderstam\" onerror=\"this.style.display='none'\"  \/>\n<h3>\n\t\tSehen Sie hier, wie der Smart Grader Tree funktioniert\n\t<\/h3>\n\t<iframe loading=\"lazy\" title=\"Smart Grader Tree\" width=\"500\" height=\"281\" src=\"https:\/\/www.youtube.com\/embed\/8N-sPytJ8Fc?feature=oembed\" frameborder=\"0\" allow=\"accelerometer; autoplay; clipboard-write; encrypted-media; gyroscope; picture-in-picture; web-share\" referrerpolicy=\"strict-origin-when-cross-origin\" allowfullscreen><\/iframe>\n\n","protected":false},"excerpt":{"rendered":"<p>Smart Grader f\u00fcr unterlagen, FORSTWIRTSCHAFT UND HECKENPFLANZEN Smart Grader Tree AUTOMATISCH UND PR\u00c4ZISE Der Smart Grader Tree wurde speziell f\u00fcr die Sortierung von Unterlagen, Forst- und Heckenpflanzen entwickelt. Das Produkt wird manuell auf das Band gelegt, wo es von speziellen Kameras analysiert und klassifiziert wird. Auf der Grundlage dieser Ergebnisse wird das Produkt in das&hellip;<\/p>\n","protected":false},"author":1,"featured_media":0,"parent":21054,"menu_order":0,"comment_status":"closed","ping_status":"closed","template":"","meta":{"_acf_changed":false,"footnotes":""},"class_list":["post-21060","page","type-page","status-publish","hentry"],"acf":[],"_links":{"self":[{"href":"https:\/\/smartgrader.com\/de\/wp-json\/wp\/v2\/pages\/21060","targetHints":{"allow":["GET"]}}],"collection":[{"href":"https:\/\/smartgrader.com\/de\/wp-json\/wp\/v2\/pages"}],"about":[{"href":"https:\/\/smartgrader.com\/de\/wp-json\/wp\/v2\/types\/page"}],"author":[{"embeddable":true,"href":"https:\/\/smartgrader.com\/de\/wp-json\/wp\/v2\/users\/1"}],"replies":[{"embeddable":true,"href":"https:\/\/smartgrader.com\/de\/wp-json\/wp\/v2\/comments?post=21060"}],"version-history":[{"count":4,"href":"https:\/\/smartgrader.com\/de\/wp-json\/wp\/v2\/pages\/21060\/revisions"}],"predecessor-version":[{"id":21406,"href":"https:\/\/smartgrader.com\/de\/wp-json\/wp\/v2\/pages\/21060\/revisions\/21406"}],"up":[{"embeddable":true,"href":"https:\/\/smartgrader.com\/de\/wp-json\/wp\/v2\/pages\/21054"}],"wp:attachment":[{"href":"https:\/\/smartgrader.com\/de\/wp-json\/wp\/v2\/media?parent=21060"}],"curies":[{"name":"wp","href":"https:\/\/api.w.org\/{rel}","templated":true}]}}