{"id":21057,"date":"2024-03-21T13:33:22","date_gmt":"2024-03-21T13:33:22","guid":{"rendered":"https:\/\/smartgrader.com\/oplossingen\/maat-scheiden\/"},"modified":"2025-02-28T06:58:29","modified_gmt":"2025-02-28T06:58:29","slug":"getrennte-groessen","status":"publish","type":"page","link":"https:\/\/smartgrader.com\/de\/loesungen\/getrennte-groessen\/","title":{"rendered":"Getrennte Gr\u00f6\u00dfen"},"content":{"rendered":"\n<h2>\n\t\tSortierung nach Messergebnissen\n\t<\/h2>\n<h1>\n\t\tSmart Grader reader +\n\t<\/h1>\n<h2>\n\t\tEinfache Trennung\n\t<\/h2>\n\t<p>F\u00fcr die schnelle und genaue Messung von Pr\u00fcfmustern wird unser Smart Grader Reader verwendet. Mit dem Smart Grader Reader + gehen wir noch einen Schritt weiter. Das Zusatzmodul erm\u00f6glicht eine Sortierung auf Basis der Messergebnisse.<\/p>\nNachkontrolle der Spitzengr\u00f6\u00dfe<br \/>\nBei der konventionellen Sortierung kann der Smart Grader Reader + als Nachkontrolle der oberen Gr\u00f6\u00dfe eingesetzt werden, um eine h\u00f6here Ausbeute zu erzielen.\n\t\t\t\t<img loading=\"lazy\" decoding=\"async\" src=\"https:\/\/smartgrader.com\/wp-content\/uploads\/2025\/02\/241114107-A.jpg\" alt=\"241114107-A\" itemprop=\"image\" height=\"683\" width=\"1024\" title=\"241114107-A\" onerror=\"this.style.display='none'\"  \/>\n<h2>\n\t\tSortierung nach Messergebnis\n\t<\/h2>\n\t<p>Bei der Registrierung nehmen Sie eine Einstufung mit der gew\u00fcnschten Anzahl von Knollen vor<\/p>\n\t\t\t\t<img loading=\"lazy\" decoding=\"async\" src=\"https:\/\/smartgrader.com\/wp-content\/uploads\/2024\/04\/Sequence-05013-scaled.jpg\" alt=\"Maat scheiden\" itemprop=\"image\" height=\"1440\" width=\"2560\" title=\"Reader +\" onerror=\"this.style.display='none'\"  \/>\n<h2>\n\t\tFreundlich und leicht zu integrieren\n\t<\/h2>\n\t<p>Die Produkte werden mit Druckluft in die richtige Richtung geblasen. Dies verhindert Besch\u00e4digungen.<\/p>\n<p>Dank seiner kompakten Gr\u00f6\u00dfe l\u00e4sst sich der Smart Grader Reader + leicht in bestehende Erfassungs- und Sortierprozesse integrieren.<\/p>\n\t\t\t<a href=\"https:\/\/smartgrader.com\/de\/contact\/\" target=\"_self\">\n\t\t\t\t\t\t\tjetzt kontaktieren\n\t\t\t\t\t<\/a>\n<h3>\n\t\tVideo Smart Grader Reader +\n\t<\/h3>\n\t<iframe loading=\"lazy\" title=\"SG Reader + 2025\" width=\"500\" height=\"281\" src=\"https:\/\/www.youtube.com\/embed\/U_6Cl7fExBU?feature=oembed\" frameborder=\"0\" allow=\"accelerometer; autoplay; clipboard-write; encrypted-media; gyroscope; picture-in-picture; web-share\" referrerpolicy=\"strict-origin-when-cross-origin\" allowfullscreen><\/iframe>\n<h2>\n\t\tFAKTEN AUF EINEN BLICK\n\t<\/h2>\n\t<ul>\n<li>Sortierung und Registrierung<\/li>\n<li>Optionen f\u00fcr die Sortierung\n<ul>\n<li>Quadratma\u00df<\/li>\n<li>Durchmesser<\/li>\n<li>L\u00e4nge<\/li>\n<li>Berechnetes Gewicht<\/li>\n<li>6 Tonnen\/Stunde bei einem durchschnittlichen Knollengewicht von 150 g<\/li>\n<\/ul>\n<\/li>\n<li>Schnelle Amortisationszeit<\/li>\n<\/ul>\n\t\t\t\t<img loading=\"lazy\" decoding=\"async\" src=\"https:\/\/smartgrader.com\/wp-content\/uploads\/2024\/02\/smartgrader-reader-6.jpeg\" alt=\"smartgrader-reader-6\" itemprop=\"image\" height=\"1365\" width=\"2048\" title=\"smartgrader-reader-6\" onerror=\"this.style.display='none'\"  \/>\n\n","protected":false},"excerpt":{"rendered":"<p>Sortierung nach Messergebnissen Smart Grader reader + Einfache Trennung F\u00fcr die schnelle und genaue Messung von Pr\u00fcfmustern wird unser Smart Grader Reader verwendet. Mit dem Smart Grader Reader + gehen wir noch einen Schritt weiter. Das Zusatzmodul erm\u00f6glicht eine Sortierung auf Basis der Messergebnisse. Nachkontrolle der Spitzengr\u00f6\u00dfe Bei der konventionellen Sortierung kann der Smart Grader&hellip;<\/p>\n","protected":false},"author":1,"featured_media":0,"parent":21054,"menu_order":0,"comment_status":"closed","ping_status":"closed","template":"","meta":{"_acf_changed":false,"footnotes":""},"class_list":["post-21057","page","type-page","status-publish","hentry"],"acf":[],"_links":{"self":[{"href":"https:\/\/smartgrader.com\/de\/wp-json\/wp\/v2\/pages\/21057","targetHints":{"allow":["GET"]}}],"collection":[{"href":"https:\/\/smartgrader.com\/de\/wp-json\/wp\/v2\/pages"}],"about":[{"href":"https:\/\/smartgrader.com\/de\/wp-json\/wp\/v2\/types\/page"}],"author":[{"embeddable":true,"href":"https:\/\/smartgrader.com\/de\/wp-json\/wp\/v2\/users\/1"}],"replies":[{"embeddable":true,"href":"https:\/\/smartgrader.com\/de\/wp-json\/wp\/v2\/comments?post=21057"}],"version-history":[{"count":8,"href":"https:\/\/smartgrader.com\/de\/wp-json\/wp\/v2\/pages\/21057\/revisions"}],"predecessor-version":[{"id":21820,"href":"https:\/\/smartgrader.com\/de\/wp-json\/wp\/v2\/pages\/21057\/revisions\/21820"}],"up":[{"embeddable":true,"href":"https:\/\/smartgrader.com\/de\/wp-json\/wp\/v2\/pages\/21054"}],"wp:attachment":[{"href":"https:\/\/smartgrader.com\/de\/wp-json\/wp\/v2\/media?parent=21057"}],"curies":[{"name":"wp","href":"https:\/\/api.w.org\/{rel}","templated":true}]}}