{"id":21046,"date":"2024-02-05T10:08:53","date_gmt":"2024-02-05T10:08:53","guid":{"rendered":"https:\/\/smartgrader.com\/home\/"},"modified":"2025-02-07T13:07:40","modified_gmt":"2025-02-07T13:07:40","slug":"home","status":"publish","type":"page","link":"https:\/\/smartgrader.com\/de\/","title":{"rendered":"Home"},"content":{"rendered":"\n<h1>\n\t\tWhere size &amp; quality count!\n\t<\/h1>\n<h3>\n\t\tOptische Sortierung = Mehrwert schaffen\n\t<\/h3>\n\t\t\t<a href=\"https:\/\/smartgrader.com\/de\/optische-sortierung\/\" target=\"_self\">\n\t\t\t\t\t\tmehr zur optischen Sortierung hier!\n\t\t\t\t\t<\/a>\n\t<meta itemprop=\"url\" content=\"https:\/\/smartgrader.com\/wp-content\/uploads\/2025\/02\/smart-grader-site-header-compr1.mp4\" \/><div style=\"width: 640px;\" class=\"wp-video\"><video muted class=\"wp-video-shortcode\" id=\"video-21046-1\" width=\"640\" height=\"360\" loop autoplay preload=\"metadata\" controls=\"controls\"><source type=\"video\/mp4\" src=\"https:\/\/smartgrader.com\/wp-content\/uploads\/2025\/02\/smart-grader-site-header-compr1.mp4?_=1\" \/><source type=\"video\/mp4\" src=\"https:\/\/smartgrader.com\/wp-content\/uploads\/2025\/02\/smart-grader-site-header-compr1.mp4?_=1\" \/><a href=\"https:\/\/smartgrader.com\/wp-content\/uploads\/2025\/02\/smart-grader-site-header-compr1.mp4\">https:\/\/smartgrader.com\/wp-content\/uploads\/2025\/02\/smart-grader-site-header-compr1.mp4<\/a><\/video><\/div>\n<h2>\n\t\tUnsere L\u00f6sungen\n\t<\/h2>\n\t<a href=\"https:\/\/smartgrader.com\/oplossingen\/evo\/\" target=\"_self\"  aria-label=\"Gehe zu https:\/\/smartgrader.com\/oplossingen\/evo\/\"><\/a>\n\t\t\t\t<img decoding=\"async\" src=\"https:\/\/smartgrader.com\/wp-content\/uploads\/2024\/02\/Smart-Grader-Smartgrader-1.jpg\" alt=\"Smart-Grader-Smartgrader-1\" title=\"Smart-Grader-Smartgrader-1\" itemprop=\"image\"\/>\n\t\t<h5>Sortierung nach Gr\u00f6\u00dfe und Qualit\u00e4t<\/h5><h3>EVO<\/h3>\t\t\t\n\t<a href=\"https:\/\/smartgrader.com\/oplossingen\/tree-grader\/\" target=\"_self\"  aria-label=\"Gehe zu https:\/\/smartgrader.com\/oplossingen\/tree-grader\/\"><\/a>\n\t\t\t\t<img decoding=\"async\" src=\"https:\/\/smartgrader.com\/wp-content\/uploads\/2024\/02\/Smart-Grader-Tree-grader-1.jpg\" alt=\"Smart-Grader-Tree-grader-1\" title=\"Smart-Grader-Tree-grader-1\" itemprop=\"image\"\/>\n\t\t<h5>Sortieren von B\u00e4umen und Pflanzen<\/h5><h3>Tree Grader<\/h3>\t\t\t\n\t<a href=\"https:\/\/smartgrader.com\/oplossingen\/reader\/\" target=\"_self\"  aria-label=\"Gehe zu https:\/\/smartgrader.com\/oplossingen\/reader\/\"><\/a>\n\t\t\t\t<img decoding=\"async\" src=\"https:\/\/smartgrader.com\/wp-content\/uploads\/2024\/02\/Smart-Grader-Reader-1.jpg\" alt=\"Smart-Grader-Reader-1\" title=\"Smart-Grader-Reader-1\" itemprop=\"image\"\/>\n\t\t<h5>Registrieren<\/h5><h3>Reader<\/h3>\t\t\t\n\t<a href=\"https:\/\/smartgrader.com\/oplossingen\/reader-plus\/\" target=\"_self\"  aria-label=\"Gehe zu https:\/\/smartgrader.com\/oplossingen\/reader-plus\/\"><\/a>\n\t\t\t\t<img decoding=\"async\" src=\"https:\/\/smartgrader.com\/wp-content\/uploads\/2024\/02\/Smart-Grader-Reader-plus-1.jpg\" alt=\"Smart-Grader-Reader-plus-1\" title=\"Smart-Grader-Reader-plus-1\" itemprop=\"image\"\/>\n\t\t<h5>Getrennte Gr\u00f6\u00dfen<\/h5><h3>Reader +<\/h3>\t\t\t\n\t<a href=\"https:\/\/smartgrader.com\/oplossingen\/reader-s\/\" target=\"_self\"  aria-label=\"Gehe zu https:\/\/smartgrader.com\/oplossingen\/reader-s\/\"><\/a>\n\t\t\t\t<img decoding=\"async\" src=\"https:\/\/smartgrader.com\/wp-content\/uploads\/2024\/04\/Reader-S-1-scaled.jpg\" alt=\"Aardappels registreren\" title=\"Reader S\" itemprop=\"image\"\/>\n\t\t<h5>Unterwasser-Stra\u00dfen<\/h5><h3>Reader S<\/h3>\t\t\t\n<h3>\n\t\tSmart Grader EVO\n\t<\/h3>\n<h2>\n\t\tEFFEKTIV UND PRODUKTFREUNDLICH\n\t<\/h2>\n\t<p>Der Smart Grader EVO ist die L\u00f6sung zur Maximierung der Ertr\u00e4ge. Dank der hochwertigen Technologien werden die Kartoffeln sehr genau sortiert.<\/p>\n\t\t\t<a href=\"https:\/\/smartgrader.com\/oplossingen\/evo\/\" target=\"_self\">\n\t\t\t\t\t\tLesen Sie hier mehr \u00fcber den Smart Grader EVO\n\t\t\t\t\t<\/a>\n\t\t\t\t<img loading=\"lazy\" decoding=\"async\" src=\"https:\/\/smartgrader.com\/wp-content\/uploads\/2024\/04\/evo-231129164-scaled-1.jpg\" alt=\"Maat en kwaliteit sorteren sg evo\" itemprop=\"image\" height=\"1138\" width=\"2000\" title=\"Maat en kwaliteit sorteren sg evo\" onerror=\"this.style.display='none'\"  \/>\n\t\t\t\t<img loading=\"lazy\" decoding=\"async\" src=\"https:\/\/smartgrader.com\/wp-content\/uploads\/2024\/04\/240131156c-scaled-e1714114605428.jpg\" alt=\"bomen sorteren\" itemprop=\"image\" height=\"683\" width=\"1024\" title=\"SG Tree Grader\" onerror=\"this.style.display='none'\"  \/>\n<h3>\n\t\tSmart Grader Tree\n\t<\/h3>\n<h2>\n\t\tAUTOMATISCH UND PR\u00c4ZISE\n\t<\/h2>\n\t<p>Der Smart Grader Tree wurde speziell f\u00fcr das Sortieren von B\u00e4umen und Unterlagen entwickelt. Spart Arbeit und ist einfach zu bedienen.<\/p>\n\t\t\t<a href=\"https:\/\/smartgrader.com\/oplossingen\/tree-grader\/\" target=\"_self\">\n\t\t\t\t\t\tLesen Sie hier mehr \u00fcber den Smart Grader Tree\n\t\t\t\t\t<\/a>\n<h3>\n\t\tSmart Grader Reader\n\t<\/h3>\n<h2>\n\t\tGENAUE UND SCHNELLE AUFZEICHNUNG\n\t<\/h2>\n\t<p>Der Smart Grader Reader ist ein hochpr\u00e4zises Erfassungsger\u00e4t f\u00fcr die einfache Probenahme von Kartoffeln, Zwiebeln und anderen Produkten.<\/p>\n\t\t\t<a href=\"https:\/\/smartgrader.com\/oplossingen\/reader\/\" target=\"_self\">\n\t\t\t\t\t\tLesen Sie hier mehr \u00fcber den Smart Grader Reader\n\t\t\t\t\t<\/a>\n\t\t\t\t<img loading=\"lazy\" decoding=\"async\" src=\"https:\/\/smartgrader.com\/wp-content\/uploads\/2024\/04\/reader-230829107-scaled-e1712146996436.jpg\" alt=\"reader-230829107-scaled-e1712146996436\" itemprop=\"image\" height=\"1138\" width=\"2000\" title=\"reader-230829107-scaled-e1712146996436\" onerror=\"this.style.display='none'\"  \/>\n<h2>\n\t\tTestimonials\n\t<\/h2>\n\t\t\t\t\t<img decoding=\"async\" src=\"https:\/\/i.ytimg.com\/vi\/NvkBmfFWP4U\/maxresdefault.jpg\" alt=\"youtube-video-thumbnail\"\/>\n\t\t\t\t\t<img decoding=\"async\" src=\"https:\/\/i.ytimg.com\/vi\/dgTXvEZPSzM\/maxresdefault.jpg\" alt=\"youtube-video-thumbnail\"\/>\n\t\t\t<a href=\"https:\/\/smartgrader.com\/de\/gebruikerservaringen\/\" target=\"_self\">\n\t\t\t\t\t\tSehen Sie alle Erfahrungen hier\n\t\t\t\t\t<\/a>\n<h3>\n\t\t\u00dcber uns\n\t<\/h3>\n\t<p>Der Smart Grader ist eine (Weiter-)Entwicklung von GeJo Grading Services, dem Spezialisten f\u00fcr optische Sortierung. Im Jahr 2018 hat GeJo Grading Services die Entwicklung und Produktion des Smart Grader f\u00fcr Kartoffeln \u00fcbernommen. Eine hauseigene Innovation, die daraus entstanden ist, ist der kompakte Smart Grader Reader, der 10-kg-Proben in nur 20 Sekunden analysiert.<\/p>\n\t\t\t<a href=\"https:\/\/smartgrader.com\/over-ons\/\" target=\"_self\">\n\t\t\t\t\t\tLesen Sie mehr \u00fcber uns\n\t\t\t\t\t<\/a>\n<h2>\n\t\tLet&#8217;s sort it out!\n\t<\/h2>\n<h3>\n\t\tDownload Smart Grader flyers\n\t<\/h3>\n\n","protected":false},"excerpt":{"rendered":"<p>Where size &amp; quality count! Optische Sortierung = Mehrwert schaffen mehr zur optischen Sortierung hier! Unsere L\u00f6sungen Sortierung nach Gr\u00f6\u00dfe und Qualit\u00e4t EVO Sortieren von B\u00e4umen und Pflanzen Tree Grader Registrieren Reader Getrennte Gr\u00f6\u00dfen Reader + Unterwasser-Stra\u00dfen Reader S Smart Grader EVO EFFEKTIV UND PRODUKTFREUNDLICH Der Smart Grader EVO ist die L\u00f6sung zur Maximierung der&hellip;<\/p>\n","protected":false},"author":1,"featured_media":0,"parent":0,"menu_order":0,"comment_status":"closed","ping_status":"closed","template":"","meta":{"_acf_changed":false,"footnotes":""},"class_list":["post-21046","page","type-page","status-publish","hentry"],"acf":[],"_links":{"self":[{"href":"https:\/\/smartgrader.com\/de\/wp-json\/wp\/v2\/pages\/21046","targetHints":{"allow":["GET"]}}],"collection":[{"href":"https:\/\/smartgrader.com\/de\/wp-json\/wp\/v2\/pages"}],"about":[{"href":"https:\/\/smartgrader.com\/de\/wp-json\/wp\/v2\/types\/page"}],"author":[{"embeddable":true,"href":"https:\/\/smartgrader.com\/de\/wp-json\/wp\/v2\/users\/1"}],"replies":[{"embeddable":true,"href":"https:\/\/smartgrader.com\/de\/wp-json\/wp\/v2\/comments?post=21046"}],"version-history":[{"count":6,"href":"https:\/\/smartgrader.com\/de\/wp-json\/wp\/v2\/pages\/21046\/revisions"}],"predecessor-version":[{"id":21794,"href":"https:\/\/smartgrader.com\/de\/wp-json\/wp\/v2\/pages\/21046\/revisions\/21794"}],"wp:attachment":[{"href":"https:\/\/smartgrader.com\/de\/wp-json\/wp\/v2\/media?parent=21046"}],"curies":[{"name":"wp","href":"https:\/\/api.w.org\/{rel}","templated":true}]}}