{"id":21038,"date":"2024-02-08T09:00:12","date_gmt":"2024-02-08T09:00:12","guid":{"rendered":"https:\/\/smartgrader.com\/contact\/"},"modified":"2024-10-03T15:17:20","modified_gmt":"2024-10-03T15:17:20","slug":"kontakt","status":"publish","type":"page","link":"https:\/\/smartgrader.com\/de\/kontakt\/","title":{"rendered":"Kontakt"},"content":{"rendered":"\n<h2>\n\t\tsmart grader &#8211; GeJo grading services\n\t<\/h2>\n<h1>\n\t\tKontakt\n\t<\/h1>\n<h2>\n\t\tFragen, Kommentare oder Kaffee?\n\t<\/h2>\n\t<p>Hast du Fragen, Kommentare oder ist es Zeit f\u00fcr einen Kaffee? Wir w\u00fcrden uns freuen, von dir zu h\u00f6ren! Melde dich \u00fcber das Kontaktformular unten oder <strong>rufe<\/strong> uns an.<\/p>\n\t\t\t<a href=\"tel:+31(0)622301963\" target=\"_self\" rel=\"noopener\">\n\t\t\t\t\t\t\tSmart Grader anrufen\n\t\t\t\t\t<\/a>\n\t\t\t\t<img loading=\"lazy\" decoding=\"async\" src=\"https:\/\/smartgrader.com\/wp-content\/uploads\/2024\/04\/231129271-scaled.jpg\" alt=\"231129271\" itemprop=\"image\" height=\"1707\" width=\"2560\" title=\"231129271\" onerror=\"this.style.display='none'\"  \/>\n<h2>\n\t\tNEHMEN SIE SOFORT KONTAKT AUF\n\t<\/h2>\n<h3>\n\t\tWir helfen Ihnen gerne weiter\n\t<\/h3>\n<h3>\n\t\tAdresse\n\t<\/h3>\n\t<strong>Hauptsitz:<\/strong><br \/>\nWesterpolder 16<br \/>\n9035 VS Dronryp\n<strong>Standort Luttelgeest:<br \/>\n<\/strong>Lindeweg 16<br \/>\n8315 RC Luttelgeest\n<h3>\n\t\tKontakt\n\t<\/h3>\n\t<a href=\"mailto:info@smartgrader.com\">info@smartgrader.com<\/a><br \/>\n<a href=\"tel:+31(0)622301963\">+31(0)622301963<\/a>\n\t\t\t\t<img loading=\"lazy\" decoding=\"async\" src=\"https:\/\/smartgrader.com\/wp-content\/uploads\/2024\/04\/Logo-Smart-Grader.png\" alt=\"Logo Smart Grader\" itemprop=\"image\" height=\"500\" width=\"500\" title=\"Logo Smart Grader\" onerror=\"this.style.display='none'\"  \/>\n\n","protected":false},"excerpt":{"rendered":"<p>smart grader &#8211; GeJo grading services Kontakt Fragen, Kommentare oder Kaffee? Hast du Fragen, Kommentare oder ist es Zeit f\u00fcr einen Kaffee? Wir w\u00fcrden uns freuen, von dir zu h\u00f6ren! Melde dich \u00fcber das Kontaktformular unten oder rufe uns an. Smart Grader anrufen NEHMEN SIE SOFORT KONTAKT AUF Wir helfen Ihnen gerne weiter Adresse Hauptsitz:&hellip;<\/p>\n","protected":false},"author":1,"featured_media":0,"parent":0,"menu_order":0,"comment_status":"closed","ping_status":"closed","template":"","meta":{"_acf_changed":false,"footnotes":""},"class_list":["post-21038","page","type-page","status-publish","hentry"],"acf":[],"_links":{"self":[{"href":"https:\/\/smartgrader.com\/de\/wp-json\/wp\/v2\/pages\/21038","targetHints":{"allow":["GET"]}}],"collection":[{"href":"https:\/\/smartgrader.com\/de\/wp-json\/wp\/v2\/pages"}],"about":[{"href":"https:\/\/smartgrader.com\/de\/wp-json\/wp\/v2\/types\/page"}],"author":[{"embeddable":true,"href":"https:\/\/smartgrader.com\/de\/wp-json\/wp\/v2\/users\/1"}],"replies":[{"embeddable":true,"href":"https:\/\/smartgrader.com\/de\/wp-json\/wp\/v2\/comments?post=21038"}],"version-history":[{"count":10,"href":"https:\/\/smartgrader.com\/de\/wp-json\/wp\/v2\/pages\/21038\/revisions"}],"predecessor-version":[{"id":21504,"href":"https:\/\/smartgrader.com\/de\/wp-json\/wp\/v2\/pages\/21038\/revisions\/21504"}],"wp:attachment":[{"href":"https:\/\/smartgrader.com\/de\/wp-json\/wp\/v2\/media?parent=21038"}],"curies":[{"name":"wp","href":"https:\/\/api.w.org\/{rel}","templated":true}]}}